{"id":1108,"date":"2022-07-28T09:02:55","date_gmt":"2022-07-28T09:02:55","guid":{"rendered":"https:\/\/www.industrialvpnrouterforplcremoteaccess.com\/schreiben-sie-fur-uns\/"},"modified":"2022-07-29T03:37:07","modified_gmt":"2022-07-29T03:37:07","slug":"schreiben-sie-fur-uns","status":"publish","type":"page","link":"https:\/\/www.industrialvpnrouterforplcremoteaccess.com\/de\/schreiben-sie-fur-uns\/","title":{"rendered":"Schreiben Sie f\u00fcr uns"},"content":{"rendered":"\n<p>Wenn Sie einen Artikel auf Alotcer Blog ver\u00f6ffentlichen m\u00f6chten, k\u00f6nnen Sie uns Ihren Artikel per E-Mail senden. Einer unserer Verlagsmitarbeiter sollte Ihnen innerhalb von 24 Stunden antworten. <a href=\"https:\/\/www.industrialvpnrouterforplcremoteaccess.com\/de\/kontakt\/\">Klicken Sie hier, um uns zu kontaktieren<\/a>.<\/p>\n\n<p>Informationen zur Artikell\u00e4nge<\/p>\n\n<p>Wenn Sie sich entscheiden, f\u00fcr einen Online-Blog Alotcer zu schreiben, stellen Sie sicher, dass er st\u00e4ndig mit frischen Inhalten aktualisiert wird, damit die Leser nicht m\u00fcde werden, dieselbe Website zu besuchen und sp\u00e4ter (oder nie) wiederkommen. Wenn Sie vorhaben, einen eigenen Blog zu starten, stellen Sie sicher, dass Sie gen\u00fcgend Zeit haben, um regelm\u00e4\u00dfig Artikel daf\u00fcr zu schreiben, da Suchmaschinen Wert auf Konsistenz legen. Eine ideale Artikell\u00e4nge betr\u00e4gt 500-1000 W\u00f6rter, aber k\u00fcrzere\/l\u00e4ngere Wortzahlen k\u00f6nnen auch funktionieren, je nachdem, f\u00fcr welche Art von Ver\u00f6ffentlichung es ist, und f\u00fcgen Sie Bilder\/Visuals hinzu, wenn es sinnvoller ist als nur einfacher Text (Pinterest-Boards sind eine Option, auf der Leute ihre Lieblingssachen und empfehle andere anhand von Bildern).<\/p>\n\n<p>Nachdem Sie Ihren Artikel geschrieben haben, lesen Sie ihn mehrmals Korrektur (einmal f\u00fcr den Inhalt, ein weiteres Mal, nachdem Sie unklare Formulierungen umformuliert und ein letztes Mal auf Grammatik- oder Rechtschreibfehler \u00fcberpr\u00fcft haben), bevor Sie den endg\u00fcltigen Entwurf einreichen. Wenn Sie f\u00fcr ein Ezine schreiben, das eine knappe Frist hat, senden Sie Artikel immer mit ausreichend Vorlaufzeit, damit mehr Zeit f\u00fcr die redaktionelle \u00dcberpr\u00fcfung und Bearbeitung bleibt.<\/p>\n","protected":false},"excerpt":{"rendered":"<p>Wenn Sie einen Artikel auf Alotcer Blog ver\u00f6ffentlichen m\u00f6chten, k\u00f6nnen Sie uns Ihren Artikel per E-Mail senden. Einer unserer Verlagsmitarbeiter &#8230; <\/p>\n<p class=\"read-more-container\"><a title=\"Schreiben Sie f\u00fcr uns\" class=\"read-more button\" href=\"https:\/\/www.industrialvpnrouterforplcremoteaccess.com\/de\/schreiben-sie-fur-uns\/#more-1108\" aria-label=\"Mehr Informationen \u00fcber Schreiben Sie f\u00fcr uns\">Read more<\/a><\/p>\n","protected":false},"author":1,"featured_media":0,"parent":0,"menu_order":0,"comment_status":"closed","ping_status":"closed","template":"","meta":{"footnotes":""},"class_list":["post-1108","page","type-page","status-publish"],"yoast_head":"<!-- This site is optimized with the Yoast SEO Premium plugin v23.1 (Yoast SEO v23.8) - https:\/\/yoast.com\/wordpress\/plugins\/seo\/ -->\n<title>Schreiben Sie f\u00fcr uns - Alotcer<\/title>\n<meta name=\"robots\" content=\"index, follow, max-snippet:-1, max-image-preview:large, max-video-preview:-1\" \/>\n<link rel=\"canonical\" href=\"https:\/\/www.industrialvpnrouterforplcremoteaccess.com\/de\/schreiben-sie-fur-uns\/\" \/>\n<meta property=\"og:locale\" content=\"de_DE\" \/>\n<meta property=\"og:type\" content=\"article\" \/>\n<meta property=\"og:title\" content=\"Schreiben Sie f\u00fcr uns\" \/>\n<meta property=\"og:description\" content=\"Wenn Sie einen Artikel auf Alotcer Blog ver\u00f6ffentlichen m\u00f6chten, k\u00f6nnen Sie uns Ihren Artikel per E-Mail senden. Einer unserer Verlagsmitarbeiter ... Read more\" \/>\n<meta property=\"og:url\" content=\"https:\/\/www.industrialvpnrouterforplcremoteaccess.com\/de\/schreiben-sie-fur-uns\/\" \/>\n<meta property=\"og:site_name\" content=\"Alotcer\" \/>\n<meta property=\"article:publisher\" content=\"https:\/\/www.facebook.com\/Alotcerrouter\" \/>\n<meta property=\"article:modified_time\" content=\"2022-07-29T03:37:07+00:00\" \/>\n<meta name=\"twitter:card\" content=\"summary_large_image\" \/>\n<meta name=\"twitter:site\" content=\"@AnneAnn001\" \/>\n<meta name=\"twitter:label1\" content=\"Gesch\u00e4tzte Lesezeit\" \/>\n\t<meta name=\"twitter:data1\" content=\"1\u00a0Minute\" \/>\n<script type=\"application\/ld+json\" class=\"yoast-schema-graph\">{\"@context\":\"https:\/\/schema.org\",\"@graph\":[{\"@type\":\"WebPage\",\"@id\":\"https:\/\/www.industrialvpnrouterforplcremoteaccess.com\/de\/schreiben-sie-fur-uns\/\",\"url\":\"https:\/\/www.industrialvpnrouterforplcremoteaccess.com\/de\/schreiben-sie-fur-uns\/\",\"name\":\"Schreiben Sie f\u00fcr uns - Alotcer\",\"isPartOf\":{\"@id\":\"https:\/\/www.industrialvpnrouterforplcremoteaccess.com\/de\/#website\"},\"datePublished\":\"2022-07-28T09:02:55+00:00\",\"dateModified\":\"2022-07-29T03:37:07+00:00\",\"breadcrumb\":{\"@id\":\"https:\/\/www.industrialvpnrouterforplcremoteaccess.com\/de\/schreiben-sie-fur-uns\/#breadcrumb\"},\"inLanguage\":\"de\",\"potentialAction\":[{\"@type\":\"ReadAction\",\"target\":[\"https:\/\/www.industrialvpnrouterforplcremoteaccess.com\/de\/schreiben-sie-fur-uns\/\"]}]},{\"@type\":\"BreadcrumbList\",\"@id\":\"https:\/\/www.industrialvpnrouterforplcremoteaccess.com\/de\/schreiben-sie-fur-uns\/#breadcrumb\",\"itemListElement\":[{\"@type\":\"ListItem\",\"position\":1,\"name\":\"Home\",\"item\":\"https:\/\/www.industrialvpnrouterforplcremoteaccess.com\/de\/\"},{\"@type\":\"ListItem\",\"position\":2,\"name\":\"Schreiben Sie f\u00fcr uns\"}]},{\"@type\":\"WebSite\",\"@id\":\"https:\/\/www.industrialvpnrouterforplcremoteaccess.com\/de\/#website\",\"url\":\"https:\/\/www.industrialvpnrouterforplcremoteaccess.com\/de\/\",\"name\":\"Alotcer\",\"description\":\"Industrial VPN Router for PLC Remote Access\",\"publisher\":{\"@id\":\"https:\/\/www.industrialvpnrouterforplcremoteaccess.com\/de\/#organization\"},\"potentialAction\":[{\"@type\":\"SearchAction\",\"target\":{\"@type\":\"EntryPoint\",\"urlTemplate\":\"https:\/\/www.industrialvpnrouterforplcremoteaccess.com\/de\/?s={search_term_string}\"},\"query-input\":{\"@type\":\"PropertyValueSpecification\",\"valueRequired\":true,\"valueName\":\"search_term_string\"}}],\"inLanguage\":\"de\"},{\"@type\":\"Organization\",\"@id\":\"https:\/\/www.industrialvpnrouterforplcremoteaccess.com\/de\/#organization\",\"name\":\"Xiamen Alotcer Communication Technology Co.,Ltd\",\"url\":\"https:\/\/www.industrialvpnrouterforplcremoteaccess.com\/de\/\",\"logo\":{\"@type\":\"ImageObject\",\"inLanguage\":\"de\",\"@id\":\"https:\/\/www.industrialvpnrouterforplcremoteaccess.com\/de\/#\/schema\/logo\/image\/\",\"url\":\"https:\/\/www.industrialvpnrouterforplcremoteaccess.com\/wp-content\/uploads\/2022\/07\/logo-Alotcer.webp\",\"contentUrl\":\"https:\/\/www.industrialvpnrouterforplcremoteaccess.com\/wp-content\/uploads\/2022\/07\/logo-Alotcer.webp\",\"width\":174,\"height\":38,\"caption\":\"Xiamen Alotcer Communication Technology Co.,Ltd\"},\"image\":{\"@id\":\"https:\/\/www.industrialvpnrouterforplcremoteaccess.com\/de\/#\/schema\/logo\/image\/\"},\"sameAs\":[\"https:\/\/www.facebook.com\/Alotcerrouter\",\"https:\/\/x.com\/AnneAnn001\",\"https:\/\/www.linkedin.com\/company\/xiamen-alotcer-communication-technology-co-ltd\/\",\"https:\/\/www.youtube.com\/channel\/UC-ArIR2K9xTKfslNU_3QwNw\"]}]}<\/script>\n<!-- \/ Yoast SEO Premium plugin. -->","yoast_head_json":{"title":"Schreiben Sie f\u00fcr uns - Alotcer","robots":{"index":"index","follow":"follow","max-snippet":"max-snippet:-1","max-image-preview":"max-image-preview:large","max-video-preview":"max-video-preview:-1"},"canonical":"https:\/\/www.industrialvpnrouterforplcremoteaccess.com\/de\/schreiben-sie-fur-uns\/","og_locale":"de_DE","og_type":"article","og_title":"Schreiben Sie f\u00fcr uns","og_description":"Wenn Sie einen Artikel auf Alotcer Blog ver\u00f6ffentlichen m\u00f6chten, k\u00f6nnen Sie uns Ihren Artikel per E-Mail senden. Einer unserer Verlagsmitarbeiter ... Read more","og_url":"https:\/\/www.industrialvpnrouterforplcremoteaccess.com\/de\/schreiben-sie-fur-uns\/","og_site_name":"Alotcer","article_publisher":"https:\/\/www.facebook.com\/Alotcerrouter","article_modified_time":"2022-07-29T03:37:07+00:00","twitter_card":"summary_large_image","twitter_site":"@AnneAnn001","twitter_misc":{"Gesch\u00e4tzte Lesezeit":"1\u00a0Minute"},"schema":{"@context":"https:\/\/schema.org","@graph":[{"@type":"WebPage","@id":"https:\/\/www.industrialvpnrouterforplcremoteaccess.com\/de\/schreiben-sie-fur-uns\/","url":"https:\/\/www.industrialvpnrouterforplcremoteaccess.com\/de\/schreiben-sie-fur-uns\/","name":"Schreiben Sie f\u00fcr uns - Alotcer","isPartOf":{"@id":"https:\/\/www.industrialvpnrouterforplcremoteaccess.com\/de\/#website"},"datePublished":"2022-07-28T09:02:55+00:00","dateModified":"2022-07-29T03:37:07+00:00","breadcrumb":{"@id":"https:\/\/www.industrialvpnrouterforplcremoteaccess.com\/de\/schreiben-sie-fur-uns\/#breadcrumb"},"inLanguage":"de","potentialAction":[{"@type":"ReadAction","target":["https:\/\/www.industrialvpnrouterforplcremoteaccess.com\/de\/schreiben-sie-fur-uns\/"]}]},{"@type":"BreadcrumbList","@id":"https:\/\/www.industrialvpnrouterforplcremoteaccess.com\/de\/schreiben-sie-fur-uns\/#breadcrumb","itemListElement":[{"@type":"ListItem","position":1,"name":"Home","item":"https:\/\/www.industrialvpnrouterforplcremoteaccess.com\/de\/"},{"@type":"ListItem","position":2,"name":"Schreiben Sie f\u00fcr uns"}]},{"@type":"WebSite","@id":"https:\/\/www.industrialvpnrouterforplcremoteaccess.com\/de\/#website","url":"https:\/\/www.industrialvpnrouterforplcremoteaccess.com\/de\/","name":"Alotcer","description":"Industrial VPN Router for PLC Remote Access","publisher":{"@id":"https:\/\/www.industrialvpnrouterforplcremoteaccess.com\/de\/#organization"},"potentialAction":[{"@type":"SearchAction","target":{"@type":"EntryPoint","urlTemplate":"https:\/\/www.industrialvpnrouterforplcremoteaccess.com\/de\/?s={search_term_string}"},"query-input":{"@type":"PropertyValueSpecification","valueRequired":true,"valueName":"search_term_string"}}],"inLanguage":"de"},{"@type":"Organization","@id":"https:\/\/www.industrialvpnrouterforplcremoteaccess.com\/de\/#organization","name":"Xiamen Alotcer Communication Technology Co.,Ltd","url":"https:\/\/www.industrialvpnrouterforplcremoteaccess.com\/de\/","logo":{"@type":"ImageObject","inLanguage":"de","@id":"https:\/\/www.industrialvpnrouterforplcremoteaccess.com\/de\/#\/schema\/logo\/image\/","url":"https:\/\/www.industrialvpnrouterforplcremoteaccess.com\/wp-content\/uploads\/2022\/07\/logo-Alotcer.webp","contentUrl":"https:\/\/www.industrialvpnrouterforplcremoteaccess.com\/wp-content\/uploads\/2022\/07\/logo-Alotcer.webp","width":174,"height":38,"caption":"Xiamen Alotcer Communication Technology Co.,Ltd"},"image":{"@id":"https:\/\/www.industrialvpnrouterforplcremoteaccess.com\/de\/#\/schema\/logo\/image\/"},"sameAs":["https:\/\/www.facebook.com\/Alotcerrouter","https:\/\/x.com\/AnneAnn001","https:\/\/www.linkedin.com\/company\/xiamen-alotcer-communication-technology-co-ltd\/","https:\/\/www.youtube.com\/channel\/UC-ArIR2K9xTKfslNU_3QwNw"]}]}},"_links":{"self":[{"href":"https:\/\/www.industrialvpnrouterforplcremoteaccess.com\/de\/wp-json\/wp\/v2\/pages\/1108","targetHints":{"allow":["GET"]}}],"collection":[{"href":"https:\/\/www.industrialvpnrouterforplcremoteaccess.com\/de\/wp-json\/wp\/v2\/pages"}],"about":[{"href":"https:\/\/www.industrialvpnrouterforplcremoteaccess.com\/de\/wp-json\/wp\/v2\/types\/page"}],"author":[{"embeddable":true,"href":"https:\/\/www.industrialvpnrouterforplcremoteaccess.com\/de\/wp-json\/wp\/v2\/users\/1"}],"replies":[{"embeddable":true,"href":"https:\/\/www.industrialvpnrouterforplcremoteaccess.com\/de\/wp-json\/wp\/v2\/comments?post=1108"}],"version-history":[{"count":0,"href":"https:\/\/www.industrialvpnrouterforplcremoteaccess.com\/de\/wp-json\/wp\/v2\/pages\/1108\/revisions"}],"wp:attachment":[{"href":"https:\/\/www.industrialvpnrouterforplcremoteaccess.com\/de\/wp-json\/wp\/v2\/media?parent=1108"}],"curies":[{"name":"wp","href":"https:\/\/api.w.org\/{rel}","templated":true}]}}