{"id":1092,"date":"2022-07-28T09:02:55","date_gmt":"2022-07-28T09:02:55","guid":{"rendered":"https:\/\/www.industrialvpnrouterforplcremoteaccess.com\/kirjoita-meille\/"},"modified":"2022-07-29T03:30:26","modified_gmt":"2022-07-29T03:30:26","slug":"kirjoita-meille","status":"publish","type":"page","link":"https:\/\/www.industrialvpnrouterforplcremoteaccess.com\/fi\/kirjoita-meille\/","title":{"rendered":"Kirjoita meille"},"content":{"rendered":"\n<p>Jos haluat julkaista artikkelin Alotcer Blogissa, voit l\u00e4hett\u00e4\u00e4 meille artikkelisi s\u00e4hk\u00f6postitse. Kustannushenkil\u00f6st\u00f6mme pit\u00e4isi vastata sinulle 24 tunnin kuluessa. <a href=\"https:\/\/www.industrialvpnrouterforplcremoteaccess.com\/fi\/ottaa-yhteytta\/\">Ota meihin yhteytt\u00e4 napsauttamalla t\u00e4t\u00e4<\/a>.<\/p>\n\n<p>Tietoja artikkelin pituudesta<\/p>\n\n<p>Jos p\u00e4\u00e4t\u00e4t kirjoittaa online-blogiin Alotcer, varmista, ett\u00e4 sit\u00e4 p\u00e4ivitet\u00e4\u00e4n jatkuvasti tuoreella sis\u00e4ll\u00f6ll\u00e4, jotta lukijat eiv\u00e4t kyll\u00e4sty vierailemaan samalla verkkosivustolla ja palaavat my\u00f6hemmin (tai ei koskaan). Jos suunnittelet oman blogin perustamista, varmista, ett\u00e4 sinulla on tarpeeksi aikaa kirjoittaa siihen jatkuvasti artikkeleita, koska hakukoneet arvostavat johdonmukaisuutta. Ihanteellinen artikkelin pituus on 500\u20131000 sanaa, mutta lyhyemm\u00e4t\/pidemm\u00e4t sanam\u00e4\u00e4r\u00e4t voivat toimia my\u00f6s riippuen siit\u00e4, mink\u00e4 tyyppiselle julkaisulle se on tarkoitettu, ja lis\u00e4\u00e4 kuvia\/visuaaleja, jos se on j\u00e4rkev\u00e4mp\u00e4\u00e4 kuin pelkk\u00e4 teksti (Pinterestin taulut ovat yksi vaihtoehto, jossa ihmiset jakavat suosikkiasioita ja suosittele muita kuvien perusteella).<\/p>\n\n<p>Kun olet kirjoittanut artikkelisi, oikolue se useita kertoja (kerran sis\u00e4ll\u00f6n vuoksi, uudelleen muotoiltuasi ep\u00e4selv\u00e4n sanamuodon ja viimeisen kerran tarkistaaksesi mahdolliset kielioppi- tai kirjoitusvirheet) ennen lopullisen luonnoksen l\u00e4hett\u00e4mist\u00e4. Jos kirjoitat s\u00e4hk\u00f6iseen julkaisuun, jonka m\u00e4\u00e4r\u00e4aika on tiukka, l\u00e4het\u00e4 artikkeleita aina riitt\u00e4v\u00e4ll\u00e4 toimitusajalla, jotta toimitukselliseen tarkastukseen ja muokkaamiseen j\u00e4\u00e4 enemm\u00e4n aikaa.<\/p>\n","protected":false},"excerpt":{"rendered":"<p>Jos haluat julkaista artikkelin Alotcer Blogissa, voit l\u00e4hett\u00e4\u00e4 meille artikkelisi s\u00e4hk\u00f6postitse. Kustannushenkil\u00f6st\u00f6mme pit\u00e4isi vastata sinulle 24 tunnin kuluessa. Ota meihin &#8230; <\/p>\n<p class=\"read-more-container\"><a title=\"Kirjoita meille\" class=\"read-more button\" href=\"https:\/\/www.industrialvpnrouterforplcremoteaccess.com\/fi\/kirjoita-meille\/#more-1092\" aria-label=\"Lue lis\u00e4\u00e4 aiheesta Kirjoita meille\">Read more<\/a><\/p>\n","protected":false},"author":1,"featured_media":0,"parent":0,"menu_order":0,"comment_status":"closed","ping_status":"closed","template":"","meta":{"footnotes":""},"class_list":["post-1092","page","type-page","status-publish"],"yoast_head":"<!-- This site is optimized with the Yoast SEO Premium plugin v23.1 (Yoast SEO v23.8) - https:\/\/yoast.com\/wordpress\/plugins\/seo\/ -->\n<title>Kirjoita meille - Alotcer<\/title>\n<meta name=\"robots\" content=\"index, follow, max-snippet:-1, max-image-preview:large, max-video-preview:-1\" \/>\n<link rel=\"canonical\" href=\"https:\/\/www.industrialvpnrouterforplcremoteaccess.com\/fi\/kirjoita-meille\/\" \/>\n<meta property=\"og:locale\" content=\"fi_FI\" \/>\n<meta property=\"og:type\" content=\"article\" \/>\n<meta property=\"og:title\" content=\"Kirjoita meille\" \/>\n<meta property=\"og:description\" content=\"Jos haluat julkaista artikkelin Alotcer Blogissa, voit l\u00e4hett\u00e4\u00e4 meille artikkelisi s\u00e4hk\u00f6postitse. Kustannushenkil\u00f6st\u00f6mme pit\u00e4isi vastata sinulle 24 tunnin kuluessa. Ota meihin ... Read more\" \/>\n<meta property=\"og:url\" content=\"https:\/\/www.industrialvpnrouterforplcremoteaccess.com\/fi\/kirjoita-meille\/\" \/>\n<meta property=\"og:site_name\" content=\"Alotcer\" \/>\n<meta property=\"article:publisher\" content=\"https:\/\/www.facebook.com\/Alotcerrouter\" \/>\n<meta property=\"article:modified_time\" content=\"2022-07-29T03:30:26+00:00\" \/>\n<meta name=\"twitter:card\" content=\"summary_large_image\" \/>\n<meta name=\"twitter:site\" content=\"@AnneAnn001\" \/>\n<meta name=\"twitter:label1\" content=\"Arvioitu lukuaika\" \/>\n\t<meta name=\"twitter:data1\" content=\"1 minuutti\" \/>\n<script type=\"application\/ld+json\" class=\"yoast-schema-graph\">{\"@context\":\"https:\/\/schema.org\",\"@graph\":[{\"@type\":\"WebPage\",\"@id\":\"https:\/\/www.industrialvpnrouterforplcremoteaccess.com\/fi\/kirjoita-meille\/\",\"url\":\"https:\/\/www.industrialvpnrouterforplcremoteaccess.com\/fi\/kirjoita-meille\/\",\"name\":\"Kirjoita meille - Alotcer\",\"isPartOf\":{\"@id\":\"https:\/\/www.industrialvpnrouterforplcremoteaccess.com\/fi\/#website\"},\"datePublished\":\"2022-07-28T09:02:55+00:00\",\"dateModified\":\"2022-07-29T03:30:26+00:00\",\"breadcrumb\":{\"@id\":\"https:\/\/www.industrialvpnrouterforplcremoteaccess.com\/fi\/kirjoita-meille\/#breadcrumb\"},\"inLanguage\":\"fi\",\"potentialAction\":[{\"@type\":\"ReadAction\",\"target\":[\"https:\/\/www.industrialvpnrouterforplcremoteaccess.com\/fi\/kirjoita-meille\/\"]}]},{\"@type\":\"BreadcrumbList\",\"@id\":\"https:\/\/www.industrialvpnrouterforplcremoteaccess.com\/fi\/kirjoita-meille\/#breadcrumb\",\"itemListElement\":[{\"@type\":\"ListItem\",\"position\":1,\"name\":\"Home\",\"item\":\"https:\/\/www.industrialvpnrouterforplcremoteaccess.com\/fi\/\"},{\"@type\":\"ListItem\",\"position\":2,\"name\":\"Kirjoita meille\"}]},{\"@type\":\"WebSite\",\"@id\":\"https:\/\/www.industrialvpnrouterforplcremoteaccess.com\/fi\/#website\",\"url\":\"https:\/\/www.industrialvpnrouterforplcremoteaccess.com\/fi\/\",\"name\":\"Alotcer\",\"description\":\"Industrial VPN Router for PLC Remote Access\",\"publisher\":{\"@id\":\"https:\/\/www.industrialvpnrouterforplcremoteaccess.com\/fi\/#organization\"},\"potentialAction\":[{\"@type\":\"SearchAction\",\"target\":{\"@type\":\"EntryPoint\",\"urlTemplate\":\"https:\/\/www.industrialvpnrouterforplcremoteaccess.com\/fi\/?s={search_term_string}\"},\"query-input\":{\"@type\":\"PropertyValueSpecification\",\"valueRequired\":true,\"valueName\":\"search_term_string\"}}],\"inLanguage\":\"fi\"},{\"@type\":\"Organization\",\"@id\":\"https:\/\/www.industrialvpnrouterforplcremoteaccess.com\/fi\/#organization\",\"name\":\"Xiamen Alotcer Communication Technology Co.,Ltd\",\"url\":\"https:\/\/www.industrialvpnrouterforplcremoteaccess.com\/fi\/\",\"logo\":{\"@type\":\"ImageObject\",\"inLanguage\":\"fi\",\"@id\":\"https:\/\/www.industrialvpnrouterforplcremoteaccess.com\/fi\/#\/schema\/logo\/image\/\",\"url\":\"https:\/\/www.industrialvpnrouterforplcremoteaccess.com\/wp-content\/uploads\/2022\/07\/logo-Alotcer.webp\",\"contentUrl\":\"https:\/\/www.industrialvpnrouterforplcremoteaccess.com\/wp-content\/uploads\/2022\/07\/logo-Alotcer.webp\",\"width\":174,\"height\":38,\"caption\":\"Xiamen Alotcer Communication Technology Co.,Ltd\"},\"image\":{\"@id\":\"https:\/\/www.industrialvpnrouterforplcremoteaccess.com\/fi\/#\/schema\/logo\/image\/\"},\"sameAs\":[\"https:\/\/www.facebook.com\/Alotcerrouter\",\"https:\/\/x.com\/AnneAnn001\",\"https:\/\/www.linkedin.com\/company\/xiamen-alotcer-communication-technology-co-ltd\/\",\"https:\/\/www.youtube.com\/channel\/UC-ArIR2K9xTKfslNU_3QwNw\"]}]}<\/script>\n<!-- \/ Yoast SEO Premium plugin. -->","yoast_head_json":{"title":"Kirjoita meille - Alotcer","robots":{"index":"index","follow":"follow","max-snippet":"max-snippet:-1","max-image-preview":"max-image-preview:large","max-video-preview":"max-video-preview:-1"},"canonical":"https:\/\/www.industrialvpnrouterforplcremoteaccess.com\/fi\/kirjoita-meille\/","og_locale":"fi_FI","og_type":"article","og_title":"Kirjoita meille","og_description":"Jos haluat julkaista artikkelin Alotcer Blogissa, voit l\u00e4hett\u00e4\u00e4 meille artikkelisi s\u00e4hk\u00f6postitse. Kustannushenkil\u00f6st\u00f6mme pit\u00e4isi vastata sinulle 24 tunnin kuluessa. Ota meihin ... Read more","og_url":"https:\/\/www.industrialvpnrouterforplcremoteaccess.com\/fi\/kirjoita-meille\/","og_site_name":"Alotcer","article_publisher":"https:\/\/www.facebook.com\/Alotcerrouter","article_modified_time":"2022-07-29T03:30:26+00:00","twitter_card":"summary_large_image","twitter_site":"@AnneAnn001","twitter_misc":{"Arvioitu lukuaika":"1 minuutti"},"schema":{"@context":"https:\/\/schema.org","@graph":[{"@type":"WebPage","@id":"https:\/\/www.industrialvpnrouterforplcremoteaccess.com\/fi\/kirjoita-meille\/","url":"https:\/\/www.industrialvpnrouterforplcremoteaccess.com\/fi\/kirjoita-meille\/","name":"Kirjoita meille - Alotcer","isPartOf":{"@id":"https:\/\/www.industrialvpnrouterforplcremoteaccess.com\/fi\/#website"},"datePublished":"2022-07-28T09:02:55+00:00","dateModified":"2022-07-29T03:30:26+00:00","breadcrumb":{"@id":"https:\/\/www.industrialvpnrouterforplcremoteaccess.com\/fi\/kirjoita-meille\/#breadcrumb"},"inLanguage":"fi","potentialAction":[{"@type":"ReadAction","target":["https:\/\/www.industrialvpnrouterforplcremoteaccess.com\/fi\/kirjoita-meille\/"]}]},{"@type":"BreadcrumbList","@id":"https:\/\/www.industrialvpnrouterforplcremoteaccess.com\/fi\/kirjoita-meille\/#breadcrumb","itemListElement":[{"@type":"ListItem","position":1,"name":"Home","item":"https:\/\/www.industrialvpnrouterforplcremoteaccess.com\/fi\/"},{"@type":"ListItem","position":2,"name":"Kirjoita meille"}]},{"@type":"WebSite","@id":"https:\/\/www.industrialvpnrouterforplcremoteaccess.com\/fi\/#website","url":"https:\/\/www.industrialvpnrouterforplcremoteaccess.com\/fi\/","name":"Alotcer","description":"Industrial VPN Router for PLC Remote Access","publisher":{"@id":"https:\/\/www.industrialvpnrouterforplcremoteaccess.com\/fi\/#organization"},"potentialAction":[{"@type":"SearchAction","target":{"@type":"EntryPoint","urlTemplate":"https:\/\/www.industrialvpnrouterforplcremoteaccess.com\/fi\/?s={search_term_string}"},"query-input":{"@type":"PropertyValueSpecification","valueRequired":true,"valueName":"search_term_string"}}],"inLanguage":"fi"},{"@type":"Organization","@id":"https:\/\/www.industrialvpnrouterforplcremoteaccess.com\/fi\/#organization","name":"Xiamen Alotcer Communication Technology Co.,Ltd","url":"https:\/\/www.industrialvpnrouterforplcremoteaccess.com\/fi\/","logo":{"@type":"ImageObject","inLanguage":"fi","@id":"https:\/\/www.industrialvpnrouterforplcremoteaccess.com\/fi\/#\/schema\/logo\/image\/","url":"https:\/\/www.industrialvpnrouterforplcremoteaccess.com\/wp-content\/uploads\/2022\/07\/logo-Alotcer.webp","contentUrl":"https:\/\/www.industrialvpnrouterforplcremoteaccess.com\/wp-content\/uploads\/2022\/07\/logo-Alotcer.webp","width":174,"height":38,"caption":"Xiamen Alotcer Communication Technology Co.,Ltd"},"image":{"@id":"https:\/\/www.industrialvpnrouterforplcremoteaccess.com\/fi\/#\/schema\/logo\/image\/"},"sameAs":["https:\/\/www.facebook.com\/Alotcerrouter","https:\/\/x.com\/AnneAnn001","https:\/\/www.linkedin.com\/company\/xiamen-alotcer-communication-technology-co-ltd\/","https:\/\/www.youtube.com\/channel\/UC-ArIR2K9xTKfslNU_3QwNw"]}]}},"_links":{"self":[{"href":"https:\/\/www.industrialvpnrouterforplcremoteaccess.com\/fi\/wp-json\/wp\/v2\/pages\/1092","targetHints":{"allow":["GET"]}}],"collection":[{"href":"https:\/\/www.industrialvpnrouterforplcremoteaccess.com\/fi\/wp-json\/wp\/v2\/pages"}],"about":[{"href":"https:\/\/www.industrialvpnrouterforplcremoteaccess.com\/fi\/wp-json\/wp\/v2\/types\/page"}],"author":[{"embeddable":true,"href":"https:\/\/www.industrialvpnrouterforplcremoteaccess.com\/fi\/wp-json\/wp\/v2\/users\/1"}],"replies":[{"embeddable":true,"href":"https:\/\/www.industrialvpnrouterforplcremoteaccess.com\/fi\/wp-json\/wp\/v2\/comments?post=1092"}],"version-history":[{"count":0,"href":"https:\/\/www.industrialvpnrouterforplcremoteaccess.com\/fi\/wp-json\/wp\/v2\/pages\/1092\/revisions"}],"wp:attachment":[{"href":"https:\/\/www.industrialvpnrouterforplcremoteaccess.com\/fi\/wp-json\/wp\/v2\/media?parent=1092"}],"curies":[{"name":"wp","href":"https:\/\/api.w.org\/{rel}","templated":true}]}}