{"id":1100,"date":"2022-07-28T09:02:55","date_gmt":"2022-07-28T09:02:55","guid":{"rendered":"https:\/\/www.industrialvpnrouterforplcremoteaccess.com\/ecrivez-pour-nous\/"},"modified":"2022-07-29T03:33:57","modified_gmt":"2022-07-29T03:33:57","slug":"ecrivez-pour-nous","status":"publish","type":"page","link":"https:\/\/www.industrialvpnrouterforplcremoteaccess.com\/fr\/ecrivez-pour-nous\/","title":{"rendered":"\u00c9crivez pour nous"},"content":{"rendered":"\n<p>Si vous souhaitez publier un article sur Alotcer Blog, vous pouvez nous envoyer un e-mail avec votre article. Un de nos r\u00e9dacteurs devrait vous r\u00e9pondre dans les 24 heures. <a href=\"https:\/\/www.industrialvpnrouterforplcremoteaccess.com\/fr\/contact-2\/\">Cliquez ici pour nous contacter<\/a>.<\/p>\n\n<p>Informations sur la longueur de l&rsquo;article<\/p>\n\n<p>Si vous d\u00e9cidez d&rsquo;\u00e9crire pour un blog en ligne Alotcer, assurez-vous qu&rsquo;il sera constamment mis \u00e0 jour avec du nouveau contenu afin que les lecteurs ne se lassent pas de visiter le m\u00eame site Web et de revenir plus tard (ou jamais). Si vous envisagez de cr\u00e9er votre propre blog, assurez-vous d&rsquo;avoir suffisamment de temps pour \u00e9crire des articles de mani\u00e8re coh\u00e9rente, car les moteurs de recherche accordent de l&rsquo;importance \u00e0 la coh\u00e9rence. La longueur id\u00e9ale d&rsquo;un article est de 500 \u00e0 1 000 mots, mais le nombre de mots plus courts\/plus longs peut \u00e9galement fonctionner en fonction du type de publication auquel il est destin\u00e9 et inclure des images\/visuels si cela a plus de sens qu&rsquo;un simple texte (les tableaux Pinterest sont une option o\u00f9 les gens partagent leur choses pr\u00e9f\u00e9r\u00e9es et en recommander d&rsquo;autres sur la base d&rsquo;images).<\/p>\n\n<p>Apr\u00e8s avoir r\u00e9dig\u00e9 votre article, relisez-le plusieurs fois (une fois pour le contenu, une autre fois apr\u00e8s avoir reformul\u00e9 les termes peu clairs et une derni\u00e8re fois pour v\u00e9rifier les \u00e9ventuelles erreurs de grammaire ou d&rsquo;orthographe) avant de soumettre le projet final. Si vous \u00e9crivez pour un ezine dont les d\u00e9lais sont serr\u00e9s, envoyez toujours les articles avec un d\u00e9lai suffisant afin qu&rsquo;il y ait plus de temps pour la r\u00e9vision \u00e9ditoriale et l&rsquo;\u00e9dition.<\/p>\n","protected":false},"excerpt":{"rendered":"<p>Si vous souhaitez publier un article sur Alotcer Blog, vous pouvez nous envoyer un e-mail avec votre article. Un de &#8230; <\/p>\n<p class=\"read-more-container\"><a title=\"\u00c9crivez pour nous\" class=\"read-more button\" href=\"https:\/\/www.industrialvpnrouterforplcremoteaccess.com\/fr\/ecrivez-pour-nous\/#more-1100\" aria-label=\"En savoir plus sur \u00c9crivez pour nous\">Read more<\/a><\/p>\n","protected":false},"author":1,"featured_media":0,"parent":0,"menu_order":0,"comment_status":"closed","ping_status":"closed","template":"","meta":{"footnotes":""},"class_list":["post-1100","page","type-page","status-publish"],"yoast_head":"<!-- This site is optimized with the Yoast SEO Premium plugin v23.1 (Yoast SEO v23.8) - https:\/\/yoast.com\/wordpress\/plugins\/seo\/ -->\n<title>\u00c9crivez pour nous - Alotcer<\/title>\n<meta name=\"robots\" content=\"index, follow, max-snippet:-1, max-image-preview:large, max-video-preview:-1\" \/>\n<link rel=\"canonical\" href=\"https:\/\/www.industrialvpnrouterforplcremoteaccess.com\/fr\/ecrivez-pour-nous\/\" \/>\n<meta property=\"og:locale\" content=\"fr_FR\" \/>\n<meta property=\"og:type\" content=\"article\" \/>\n<meta property=\"og:title\" content=\"\u00c9crivez pour nous\" \/>\n<meta property=\"og:description\" content=\"Si vous souhaitez publier un article sur Alotcer Blog, vous pouvez nous envoyer un e-mail avec votre article. Un de ... Read more\" \/>\n<meta property=\"og:url\" content=\"https:\/\/www.industrialvpnrouterforplcremoteaccess.com\/fr\/ecrivez-pour-nous\/\" \/>\n<meta property=\"og:site_name\" content=\"Alotcer\" \/>\n<meta property=\"article:publisher\" content=\"https:\/\/www.facebook.com\/Alotcerrouter\" \/>\n<meta property=\"article:modified_time\" content=\"2022-07-29T03:33:57+00:00\" \/>\n<meta name=\"twitter:card\" content=\"summary_large_image\" \/>\n<meta name=\"twitter:site\" content=\"@AnneAnn001\" \/>\n<meta name=\"twitter:label1\" content=\"Dur\u00e9e de lecture estim\u00e9e\" \/>\n\t<meta name=\"twitter:data1\" content=\"1 minute\" \/>\n<script type=\"application\/ld+json\" class=\"yoast-schema-graph\">{\"@context\":\"https:\/\/schema.org\",\"@graph\":[{\"@type\":\"WebPage\",\"@id\":\"https:\/\/www.industrialvpnrouterforplcremoteaccess.com\/fr\/ecrivez-pour-nous\/\",\"url\":\"https:\/\/www.industrialvpnrouterforplcremoteaccess.com\/fr\/ecrivez-pour-nous\/\",\"name\":\"\u00c9crivez pour nous - Alotcer\",\"isPartOf\":{\"@id\":\"https:\/\/www.industrialvpnrouterforplcremoteaccess.com\/fr\/#website\"},\"datePublished\":\"2022-07-28T09:02:55+00:00\",\"dateModified\":\"2022-07-29T03:33:57+00:00\",\"breadcrumb\":{\"@id\":\"https:\/\/www.industrialvpnrouterforplcremoteaccess.com\/fr\/ecrivez-pour-nous\/#breadcrumb\"},\"inLanguage\":\"fr-FR\",\"potentialAction\":[{\"@type\":\"ReadAction\",\"target\":[\"https:\/\/www.industrialvpnrouterforplcremoteaccess.com\/fr\/ecrivez-pour-nous\/\"]}]},{\"@type\":\"BreadcrumbList\",\"@id\":\"https:\/\/www.industrialvpnrouterforplcremoteaccess.com\/fr\/ecrivez-pour-nous\/#breadcrumb\",\"itemListElement\":[{\"@type\":\"ListItem\",\"position\":1,\"name\":\"Home\",\"item\":\"https:\/\/www.industrialvpnrouterforplcremoteaccess.com\/fr\/\"},{\"@type\":\"ListItem\",\"position\":2,\"name\":\"\u00c9crivez pour nous\"}]},{\"@type\":\"WebSite\",\"@id\":\"https:\/\/www.industrialvpnrouterforplcremoteaccess.com\/fr\/#website\",\"url\":\"https:\/\/www.industrialvpnrouterforplcremoteaccess.com\/fr\/\",\"name\":\"Alotcer\",\"description\":\"Industrial VPN Router for PLC Remote Access\",\"publisher\":{\"@id\":\"https:\/\/www.industrialvpnrouterforplcremoteaccess.com\/fr\/#organization\"},\"potentialAction\":[{\"@type\":\"SearchAction\",\"target\":{\"@type\":\"EntryPoint\",\"urlTemplate\":\"https:\/\/www.industrialvpnrouterforplcremoteaccess.com\/fr\/?s={search_term_string}\"},\"query-input\":{\"@type\":\"PropertyValueSpecification\",\"valueRequired\":true,\"valueName\":\"search_term_string\"}}],\"inLanguage\":\"fr-FR\"},{\"@type\":\"Organization\",\"@id\":\"https:\/\/www.industrialvpnrouterforplcremoteaccess.com\/fr\/#organization\",\"name\":\"Xiamen Alotcer Communication Technology Co.,Ltd\",\"url\":\"https:\/\/www.industrialvpnrouterforplcremoteaccess.com\/fr\/\",\"logo\":{\"@type\":\"ImageObject\",\"inLanguage\":\"fr-FR\",\"@id\":\"https:\/\/www.industrialvpnrouterforplcremoteaccess.com\/fr\/#\/schema\/logo\/image\/\",\"url\":\"https:\/\/www.industrialvpnrouterforplcremoteaccess.com\/wp-content\/uploads\/2022\/07\/logo-Alotcer.webp\",\"contentUrl\":\"https:\/\/www.industrialvpnrouterforplcremoteaccess.com\/wp-content\/uploads\/2022\/07\/logo-Alotcer.webp\",\"width\":174,\"height\":38,\"caption\":\"Xiamen Alotcer Communication Technology Co.,Ltd\"},\"image\":{\"@id\":\"https:\/\/www.industrialvpnrouterforplcremoteaccess.com\/fr\/#\/schema\/logo\/image\/\"},\"sameAs\":[\"https:\/\/www.facebook.com\/Alotcerrouter\",\"https:\/\/x.com\/AnneAnn001\",\"https:\/\/www.linkedin.com\/company\/xiamen-alotcer-communication-technology-co-ltd\/\",\"https:\/\/www.youtube.com\/channel\/UC-ArIR2K9xTKfslNU_3QwNw\"]}]}<\/script>\n<!-- \/ Yoast SEO Premium plugin. -->","yoast_head_json":{"title":"\u00c9crivez pour nous - Alotcer","robots":{"index":"index","follow":"follow","max-snippet":"max-snippet:-1","max-image-preview":"max-image-preview:large","max-video-preview":"max-video-preview:-1"},"canonical":"https:\/\/www.industrialvpnrouterforplcremoteaccess.com\/fr\/ecrivez-pour-nous\/","og_locale":"fr_FR","og_type":"article","og_title":"\u00c9crivez pour nous","og_description":"Si vous souhaitez publier un article sur Alotcer Blog, vous pouvez nous envoyer un e-mail avec votre article. Un de ... Read more","og_url":"https:\/\/www.industrialvpnrouterforplcremoteaccess.com\/fr\/ecrivez-pour-nous\/","og_site_name":"Alotcer","article_publisher":"https:\/\/www.facebook.com\/Alotcerrouter","article_modified_time":"2022-07-29T03:33:57+00:00","twitter_card":"summary_large_image","twitter_site":"@AnneAnn001","twitter_misc":{"Dur\u00e9e de lecture estim\u00e9e":"1 minute"},"schema":{"@context":"https:\/\/schema.org","@graph":[{"@type":"WebPage","@id":"https:\/\/www.industrialvpnrouterforplcremoteaccess.com\/fr\/ecrivez-pour-nous\/","url":"https:\/\/www.industrialvpnrouterforplcremoteaccess.com\/fr\/ecrivez-pour-nous\/","name":"\u00c9crivez pour nous - Alotcer","isPartOf":{"@id":"https:\/\/www.industrialvpnrouterforplcremoteaccess.com\/fr\/#website"},"datePublished":"2022-07-28T09:02:55+00:00","dateModified":"2022-07-29T03:33:57+00:00","breadcrumb":{"@id":"https:\/\/www.industrialvpnrouterforplcremoteaccess.com\/fr\/ecrivez-pour-nous\/#breadcrumb"},"inLanguage":"fr-FR","potentialAction":[{"@type":"ReadAction","target":["https:\/\/www.industrialvpnrouterforplcremoteaccess.com\/fr\/ecrivez-pour-nous\/"]}]},{"@type":"BreadcrumbList","@id":"https:\/\/www.industrialvpnrouterforplcremoteaccess.com\/fr\/ecrivez-pour-nous\/#breadcrumb","itemListElement":[{"@type":"ListItem","position":1,"name":"Home","item":"https:\/\/www.industrialvpnrouterforplcremoteaccess.com\/fr\/"},{"@type":"ListItem","position":2,"name":"\u00c9crivez pour nous"}]},{"@type":"WebSite","@id":"https:\/\/www.industrialvpnrouterforplcremoteaccess.com\/fr\/#website","url":"https:\/\/www.industrialvpnrouterforplcremoteaccess.com\/fr\/","name":"Alotcer","description":"Industrial VPN Router for PLC Remote Access","publisher":{"@id":"https:\/\/www.industrialvpnrouterforplcremoteaccess.com\/fr\/#organization"},"potentialAction":[{"@type":"SearchAction","target":{"@type":"EntryPoint","urlTemplate":"https:\/\/www.industrialvpnrouterforplcremoteaccess.com\/fr\/?s={search_term_string}"},"query-input":{"@type":"PropertyValueSpecification","valueRequired":true,"valueName":"search_term_string"}}],"inLanguage":"fr-FR"},{"@type":"Organization","@id":"https:\/\/www.industrialvpnrouterforplcremoteaccess.com\/fr\/#organization","name":"Xiamen Alotcer Communication Technology Co.,Ltd","url":"https:\/\/www.industrialvpnrouterforplcremoteaccess.com\/fr\/","logo":{"@type":"ImageObject","inLanguage":"fr-FR","@id":"https:\/\/www.industrialvpnrouterforplcremoteaccess.com\/fr\/#\/schema\/logo\/image\/","url":"https:\/\/www.industrialvpnrouterforplcremoteaccess.com\/wp-content\/uploads\/2022\/07\/logo-Alotcer.webp","contentUrl":"https:\/\/www.industrialvpnrouterforplcremoteaccess.com\/wp-content\/uploads\/2022\/07\/logo-Alotcer.webp","width":174,"height":38,"caption":"Xiamen Alotcer Communication Technology Co.,Ltd"},"image":{"@id":"https:\/\/www.industrialvpnrouterforplcremoteaccess.com\/fr\/#\/schema\/logo\/image\/"},"sameAs":["https:\/\/www.facebook.com\/Alotcerrouter","https:\/\/x.com\/AnneAnn001","https:\/\/www.linkedin.com\/company\/xiamen-alotcer-communication-technology-co-ltd\/","https:\/\/www.youtube.com\/channel\/UC-ArIR2K9xTKfslNU_3QwNw"]}]}},"_links":{"self":[{"href":"https:\/\/www.industrialvpnrouterforplcremoteaccess.com\/fr\/wp-json\/wp\/v2\/pages\/1100","targetHints":{"allow":["GET"]}}],"collection":[{"href":"https:\/\/www.industrialvpnrouterforplcremoteaccess.com\/fr\/wp-json\/wp\/v2\/pages"}],"about":[{"href":"https:\/\/www.industrialvpnrouterforplcremoteaccess.com\/fr\/wp-json\/wp\/v2\/types\/page"}],"author":[{"embeddable":true,"href":"https:\/\/www.industrialvpnrouterforplcremoteaccess.com\/fr\/wp-json\/wp\/v2\/users\/1"}],"replies":[{"embeddable":true,"href":"https:\/\/www.industrialvpnrouterforplcremoteaccess.com\/fr\/wp-json\/wp\/v2\/comments?post=1100"}],"version-history":[{"count":0,"href":"https:\/\/www.industrialvpnrouterforplcremoteaccess.com\/fr\/wp-json\/wp\/v2\/pages\/1100\/revisions"}],"wp:attachment":[{"href":"https:\/\/www.industrialvpnrouterforplcremoteaccess.com\/fr\/wp-json\/wp\/v2\/media?parent=1100"}],"curies":[{"name":"wp","href":"https:\/\/api.w.org\/{rel}","templated":true}]}}