{"id":1124,"date":"2022-07-28T09:02:55","date_gmt":"2022-07-28T09:02:55","guid":{"rendered":"https:\/\/www.industrialvpnrouterforplcremoteaccess.com\/irjon-nekunk\/"},"modified":"2022-07-29T05:39:32","modified_gmt":"2022-07-29T05:39:32","slug":"irjon-nekunk","status":"publish","type":"page","link":"https:\/\/www.industrialvpnrouterforplcremoteaccess.com\/hu\/irjon-nekunk\/","title":{"rendered":"\u00cdrjon nek\u00fcnk"},"content":{"rendered":"\n<p>Ha szeretne k\u00f6zz\u00e9tenni egy cikket az Alotcer Blogon, k\u00fcldje el nek\u00fcnk cikk\u00e9t e-mailben. Egyik kiad\u00f3nk 24 \u00f3r\u00e1n bel\u00fcl v\u00e1laszol \u00d6nnek. Kattintson ide, <a href=\"https:\/\/www.industrialvpnrouterforplcremoteaccess.com\/contact\/\">ha kapcsolatba szeretne l\u00e9pni vel\u00fcnk<\/a>.<\/p>\n\n<p>Inform\u00e1ci\u00f3 a cikk hossz\u00e1r\u00f3l<\/p>\n\n<p>Ha \u00fagy d\u00f6nt, hogy \u00edr egy online Alotcer blogba, \u00fcgyeljen arra, hogy az folyamatosan friss tartalommal legyen friss\u00edtve, hogy az olvas\u00f3k ne f\u00e1radjanak bele ugyanazon weboldal l\u00e1togat\u00e1s\u00e1ba, \u00e9s ne t\u00e9rjenek vissza k\u00e9s\u0151bb (vagy soha). Ha saj\u00e1t blog ind\u00edt\u00e1s\u00e1t tervezi, \u00fcgyeljen arra, hogy legyen el\u00e9g ideje arra, hogy folyamatosan cikkeket \u00edrjon hozz\u00e1, mivel a keres\u0151motorok \u00e9rt\u00e9kelik a k\u00f6vetkezetess\u00e9get. A cikk ide\u00e1lis hossza 500-1000 sz\u00f3, de a r\u00f6videbb\/hosszabb sz\u00f3sz\u00e1mok is m\u0171k\u00f6dhetnek att\u00f3l f\u00fcgg\u0151en, hogy milyen t\u00edpus\u00fa publik\u00e1ci\u00f3hoz k\u00e9sz\u00fclt, \u00e9s adjon hozz\u00e1 k\u00e9peket\/vizu\u00e1lis anyagokat is, ha az \u00e9rtelmesebb, mint az egyszer\u0171 sz\u00f6veg. kedvenc dolgai \u00e9s m\u00e1sok aj\u00e1nl\u00e1sa k\u00e9pek alapj\u00e1n).<\/p>\n\n<p>Miut\u00e1n meg\u00edrta a cikket, olvassa el t\u00f6bbsz\u00f6r (egyszer a tartalom\u00e9rt, majd a nem egy\u00e9rtelm\u0171 megfogalmaz\u00e1s \u00e1tfogalmaz\u00e1sa ut\u00e1n, \u00e9s egy utols\u00f3 alkalommal, hogy ellen\u0151rizze a nyelvtani vagy helyes\u00edr\u00e1si hib\u00e1kat), miel\u0151tt elk\u00fcldi a v\u00e9gleges v\u00e1zlatot. Ha olyan elektronikus foly\u00f3iratba \u00edr, amelynek r\u00f6vid a hat\u00e1rid\u0151, mindig elegend\u0151 \u00e1tfut\u00e1si id\u0151vel k\u00fcldje el a cikkeket, hogy t\u00f6bb id\u0151 maradjon a szerkeszt\u0151i \u00e1ttekint\u00e9sre \u00e9s szerkeszt\u00e9sre.<\/p>\n","protected":false},"excerpt":{"rendered":"<p>Ha szeretne k\u00f6zz\u00e9tenni egy cikket az Alotcer Blogon, k\u00fcldje el nek\u00fcnk cikk\u00e9t e-mailben. Egyik kiad\u00f3nk 24 \u00f3r\u00e1n bel\u00fcl v\u00e1laszol \u00d6nnek. &#8230; <\/p>\n<p class=\"read-more-container\"><a title=\"\u00cdrjon nek\u00fcnk\" class=\"read-more button\" href=\"https:\/\/www.industrialvpnrouterforplcremoteaccess.com\/hu\/irjon-nekunk\/#more-1124\" aria-label=\"Read more about \u00cdrjon nek\u00fcnk\">Read more<\/a><\/p>\n","protected":false},"author":1,"featured_media":0,"parent":0,"menu_order":0,"comment_status":"closed","ping_status":"closed","template":"","meta":{"footnotes":""},"class_list":["post-1124","page","type-page","status-publish"],"yoast_head":"<!-- This site is optimized with the Yoast SEO Premium plugin v23.1 (Yoast SEO v23.8) - https:\/\/yoast.com\/wordpress\/plugins\/seo\/ -->\n<title>\u00cdrjon nek\u00fcnk - Alotcer<\/title>\n<meta name=\"robots\" content=\"index, follow, max-snippet:-1, max-image-preview:large, max-video-preview:-1\" \/>\n<link rel=\"canonical\" href=\"https:\/\/www.industrialvpnrouterforplcremoteaccess.com\/hu\/irjon-nekunk\/\" \/>\n<meta property=\"og:locale\" content=\"hu_HU\" \/>\n<meta property=\"og:type\" content=\"article\" \/>\n<meta property=\"og:title\" content=\"\u00cdrjon nek\u00fcnk\" \/>\n<meta property=\"og:description\" content=\"Ha szeretne k\u00f6zz\u00e9tenni egy cikket az Alotcer Blogon, k\u00fcldje el nek\u00fcnk cikk\u00e9t e-mailben. Egyik kiad\u00f3nk 24 \u00f3r\u00e1n bel\u00fcl v\u00e1laszol \u00d6nnek. ... Read more\" \/>\n<meta property=\"og:url\" content=\"https:\/\/www.industrialvpnrouterforplcremoteaccess.com\/hu\/irjon-nekunk\/\" \/>\n<meta property=\"og:site_name\" content=\"Alotcer\" \/>\n<meta property=\"article:publisher\" content=\"https:\/\/www.facebook.com\/Alotcerrouter\" \/>\n<meta property=\"article:modified_time\" content=\"2022-07-29T05:39:32+00:00\" \/>\n<meta name=\"twitter:card\" content=\"summary_large_image\" \/>\n<meta name=\"twitter:site\" content=\"@AnneAnn001\" \/>\n<meta name=\"twitter:label1\" content=\"Becs\u00fclt olvas\u00e1si id\u0151\" \/>\n\t<meta name=\"twitter:data1\" content=\"1 perc\" \/>\n<script type=\"application\/ld+json\" class=\"yoast-schema-graph\">{\"@context\":\"https:\/\/schema.org\",\"@graph\":[{\"@type\":\"WebPage\",\"@id\":\"https:\/\/www.industrialvpnrouterforplcremoteaccess.com\/hu\/irjon-nekunk\/\",\"url\":\"https:\/\/www.industrialvpnrouterforplcremoteaccess.com\/hu\/irjon-nekunk\/\",\"name\":\"\u00cdrjon nek\u00fcnk - Alotcer\",\"isPartOf\":{\"@id\":\"https:\/\/www.industrialvpnrouterforplcremoteaccess.com\/hu\/#website\"},\"datePublished\":\"2022-07-28T09:02:55+00:00\",\"dateModified\":\"2022-07-29T05:39:32+00:00\",\"breadcrumb\":{\"@id\":\"https:\/\/www.industrialvpnrouterforplcremoteaccess.com\/hu\/irjon-nekunk\/#breadcrumb\"},\"inLanguage\":\"hu\",\"potentialAction\":[{\"@type\":\"ReadAction\",\"target\":[\"https:\/\/www.industrialvpnrouterforplcremoteaccess.com\/hu\/irjon-nekunk\/\"]}]},{\"@type\":\"BreadcrumbList\",\"@id\":\"https:\/\/www.industrialvpnrouterforplcremoteaccess.com\/hu\/irjon-nekunk\/#breadcrumb\",\"itemListElement\":[{\"@type\":\"ListItem\",\"position\":1,\"name\":\"Home\",\"item\":\"https:\/\/www.industrialvpnrouterforplcremoteaccess.com\/hu\/\"},{\"@type\":\"ListItem\",\"position\":2,\"name\":\"\u00cdrjon nek\u00fcnk\"}]},{\"@type\":\"WebSite\",\"@id\":\"https:\/\/www.industrialvpnrouterforplcremoteaccess.com\/hu\/#website\",\"url\":\"https:\/\/www.industrialvpnrouterforplcremoteaccess.com\/hu\/\",\"name\":\"Alotcer\",\"description\":\"Industrial VPN Router for PLC Remote Access\",\"publisher\":{\"@id\":\"https:\/\/www.industrialvpnrouterforplcremoteaccess.com\/hu\/#organization\"},\"potentialAction\":[{\"@type\":\"SearchAction\",\"target\":{\"@type\":\"EntryPoint\",\"urlTemplate\":\"https:\/\/www.industrialvpnrouterforplcremoteaccess.com\/hu\/?s={search_term_string}\"},\"query-input\":{\"@type\":\"PropertyValueSpecification\",\"valueRequired\":true,\"valueName\":\"search_term_string\"}}],\"inLanguage\":\"hu\"},{\"@type\":\"Organization\",\"@id\":\"https:\/\/www.industrialvpnrouterforplcremoteaccess.com\/hu\/#organization\",\"name\":\"Xiamen Alotcer Communication Technology Co.,Ltd\",\"url\":\"https:\/\/www.industrialvpnrouterforplcremoteaccess.com\/hu\/\",\"logo\":{\"@type\":\"ImageObject\",\"inLanguage\":\"hu\",\"@id\":\"https:\/\/www.industrialvpnrouterforplcremoteaccess.com\/hu\/#\/schema\/logo\/image\/\",\"url\":\"https:\/\/www.industrialvpnrouterforplcremoteaccess.com\/wp-content\/uploads\/2022\/07\/logo-Alotcer.webp\",\"contentUrl\":\"https:\/\/www.industrialvpnrouterforplcremoteaccess.com\/wp-content\/uploads\/2022\/07\/logo-Alotcer.webp\",\"width\":174,\"height\":38,\"caption\":\"Xiamen Alotcer Communication Technology Co.,Ltd\"},\"image\":{\"@id\":\"https:\/\/www.industrialvpnrouterforplcremoteaccess.com\/hu\/#\/schema\/logo\/image\/\"},\"sameAs\":[\"https:\/\/www.facebook.com\/Alotcerrouter\",\"https:\/\/x.com\/AnneAnn001\",\"https:\/\/www.linkedin.com\/company\/xiamen-alotcer-communication-technology-co-ltd\/\",\"https:\/\/www.youtube.com\/channel\/UC-ArIR2K9xTKfslNU_3QwNw\"]}]}<\/script>\n<!-- \/ Yoast SEO Premium plugin. -->","yoast_head_json":{"title":"\u00cdrjon nek\u00fcnk - Alotcer","robots":{"index":"index","follow":"follow","max-snippet":"max-snippet:-1","max-image-preview":"max-image-preview:large","max-video-preview":"max-video-preview:-1"},"canonical":"https:\/\/www.industrialvpnrouterforplcremoteaccess.com\/hu\/irjon-nekunk\/","og_locale":"hu_HU","og_type":"article","og_title":"\u00cdrjon nek\u00fcnk","og_description":"Ha szeretne k\u00f6zz\u00e9tenni egy cikket az Alotcer Blogon, k\u00fcldje el nek\u00fcnk cikk\u00e9t e-mailben. Egyik kiad\u00f3nk 24 \u00f3r\u00e1n bel\u00fcl v\u00e1laszol \u00d6nnek. ... Read more","og_url":"https:\/\/www.industrialvpnrouterforplcremoteaccess.com\/hu\/irjon-nekunk\/","og_site_name":"Alotcer","article_publisher":"https:\/\/www.facebook.com\/Alotcerrouter","article_modified_time":"2022-07-29T05:39:32+00:00","twitter_card":"summary_large_image","twitter_site":"@AnneAnn001","twitter_misc":{"Becs\u00fclt olvas\u00e1si id\u0151":"1 perc"},"schema":{"@context":"https:\/\/schema.org","@graph":[{"@type":"WebPage","@id":"https:\/\/www.industrialvpnrouterforplcremoteaccess.com\/hu\/irjon-nekunk\/","url":"https:\/\/www.industrialvpnrouterforplcremoteaccess.com\/hu\/irjon-nekunk\/","name":"\u00cdrjon nek\u00fcnk - Alotcer","isPartOf":{"@id":"https:\/\/www.industrialvpnrouterforplcremoteaccess.com\/hu\/#website"},"datePublished":"2022-07-28T09:02:55+00:00","dateModified":"2022-07-29T05:39:32+00:00","breadcrumb":{"@id":"https:\/\/www.industrialvpnrouterforplcremoteaccess.com\/hu\/irjon-nekunk\/#breadcrumb"},"inLanguage":"hu","potentialAction":[{"@type":"ReadAction","target":["https:\/\/www.industrialvpnrouterforplcremoteaccess.com\/hu\/irjon-nekunk\/"]}]},{"@type":"BreadcrumbList","@id":"https:\/\/www.industrialvpnrouterforplcremoteaccess.com\/hu\/irjon-nekunk\/#breadcrumb","itemListElement":[{"@type":"ListItem","position":1,"name":"Home","item":"https:\/\/www.industrialvpnrouterforplcremoteaccess.com\/hu\/"},{"@type":"ListItem","position":2,"name":"\u00cdrjon nek\u00fcnk"}]},{"@type":"WebSite","@id":"https:\/\/www.industrialvpnrouterforplcremoteaccess.com\/hu\/#website","url":"https:\/\/www.industrialvpnrouterforplcremoteaccess.com\/hu\/","name":"Alotcer","description":"Industrial VPN Router for PLC Remote Access","publisher":{"@id":"https:\/\/www.industrialvpnrouterforplcremoteaccess.com\/hu\/#organization"},"potentialAction":[{"@type":"SearchAction","target":{"@type":"EntryPoint","urlTemplate":"https:\/\/www.industrialvpnrouterforplcremoteaccess.com\/hu\/?s={search_term_string}"},"query-input":{"@type":"PropertyValueSpecification","valueRequired":true,"valueName":"search_term_string"}}],"inLanguage":"hu"},{"@type":"Organization","@id":"https:\/\/www.industrialvpnrouterforplcremoteaccess.com\/hu\/#organization","name":"Xiamen Alotcer Communication Technology Co.,Ltd","url":"https:\/\/www.industrialvpnrouterforplcremoteaccess.com\/hu\/","logo":{"@type":"ImageObject","inLanguage":"hu","@id":"https:\/\/www.industrialvpnrouterforplcremoteaccess.com\/hu\/#\/schema\/logo\/image\/","url":"https:\/\/www.industrialvpnrouterforplcremoteaccess.com\/wp-content\/uploads\/2022\/07\/logo-Alotcer.webp","contentUrl":"https:\/\/www.industrialvpnrouterforplcremoteaccess.com\/wp-content\/uploads\/2022\/07\/logo-Alotcer.webp","width":174,"height":38,"caption":"Xiamen Alotcer Communication Technology Co.,Ltd"},"image":{"@id":"https:\/\/www.industrialvpnrouterforplcremoteaccess.com\/hu\/#\/schema\/logo\/image\/"},"sameAs":["https:\/\/www.facebook.com\/Alotcerrouter","https:\/\/x.com\/AnneAnn001","https:\/\/www.linkedin.com\/company\/xiamen-alotcer-communication-technology-co-ltd\/","https:\/\/www.youtube.com\/channel\/UC-ArIR2K9xTKfslNU_3QwNw"]}]}},"_links":{"self":[{"href":"https:\/\/www.industrialvpnrouterforplcremoteaccess.com\/hu\/wp-json\/wp\/v2\/pages\/1124","targetHints":{"allow":["GET"]}}],"collection":[{"href":"https:\/\/www.industrialvpnrouterforplcremoteaccess.com\/hu\/wp-json\/wp\/v2\/pages"}],"about":[{"href":"https:\/\/www.industrialvpnrouterforplcremoteaccess.com\/hu\/wp-json\/wp\/v2\/types\/page"}],"author":[{"embeddable":true,"href":"https:\/\/www.industrialvpnrouterforplcremoteaccess.com\/hu\/wp-json\/wp\/v2\/users\/1"}],"replies":[{"embeddable":true,"href":"https:\/\/www.industrialvpnrouterforplcremoteaccess.com\/hu\/wp-json\/wp\/v2\/comments?post=1124"}],"version-history":[{"count":0,"href":"https:\/\/www.industrialvpnrouterforplcremoteaccess.com\/hu\/wp-json\/wp\/v2\/pages\/1124\/revisions"}],"wp:attachment":[{"href":"https:\/\/www.industrialvpnrouterforplcremoteaccess.com\/hu\/wp-json\/wp\/v2\/media?parent=1124"}],"curies":[{"name":"wp","href":"https:\/\/api.w.org\/{rel}","templated":true}]}}