{"id":1142,"date":"2022-07-28T09:02:55","date_gmt":"2022-07-28T09:02:55","guid":{"rendered":"https:\/\/www.industrialvpnrouterforplcremoteaccess.com\/scrivi-per-noi\/"},"modified":"2022-07-29T06:20:24","modified_gmt":"2022-07-29T06:20:24","slug":"scrivi-per-noi","status":"publish","type":"page","link":"https:\/\/www.industrialvpnrouterforplcremoteaccess.com\/it\/scrivi-per-noi\/","title":{"rendered":"Scrivi per noi"},"content":{"rendered":"\n<p>Se desideri pubblicare un articolo su Alotcer Blog, puoi inviarci un&#8217;e-mail con il tuo articolo. Uno del nostro staff editoriale dovrebbe risponderti entro 24 ore. <a href=\"https:\/\/www.industrialvpnrouterforplcremoteaccess.com\/it\/contatto\/\">Clicca qui per contattarci<\/a>.<\/p>\n\n<p>Informazioni sulla lunghezza dell&#8217;articolo<\/p>\n\n<p>Se decidi di scrivere per un blog online Alotcer, assicurati che sia costantemente aggiornato con nuovi contenuti in modo che i lettori non si stanchino di visitare lo stesso sito Web e tornino pi\u00f9 tardi (o mai pi\u00f9). Se hai intenzione di avviare il tuo blog, assicurati di avere abbastanza tempo per scrivere costantemente articoli per esso poich\u00e9 i motori di ricerca apprezzano la coerenza. La lunghezza ideale di un articolo \u00e8 di 500-1000 parole, ma anche il conteggio delle parole pi\u00f9 breve\/lungo pu\u00f2 funzionare a seconda del tipo di pubblicazione a cui si riferisce, inoltre includi immagini\/immagini se ha pi\u00f9 senso del semplice testo (le bacheche Pinterest sono un&#8217;opzione in cui le persone condividono i loro cose preferite e consigliarne altre in base alle immagini).<\/p>\n\n<p>Dopo aver scritto il tuo articolo, rileggilo pi\u00f9 volte (una volta per il contenuto, di nuovo dopo aver riformulato una formulazione poco chiara e un&#8217;ultima volta per controllare eventuali errori di grammatica o di ortografia) prima di inviare la bozza finale. Se stai scrivendo per una rivista elettronica che ha una scadenza ravvicinata, invia sempre gli articoli con un ampio anticipo in modo da avere pi\u00f9 tempo per la revisione e la modifica editoriale.<\/p>\n","protected":false},"excerpt":{"rendered":"<p>Se desideri pubblicare un articolo su Alotcer Blog, puoi inviarci un&#8217;e-mail con il tuo articolo. Uno del nostro staff editoriale &#8230; <\/p>\n<p class=\"read-more-container\"><a title=\"Scrivi per noi\" class=\"read-more button\" href=\"https:\/\/www.industrialvpnrouterforplcremoteaccess.com\/it\/scrivi-per-noi\/#more-1142\" aria-label=\"Per saperne di pi\u00f9 su Scrivi per noi\">Read more<\/a><\/p>\n","protected":false},"author":1,"featured_media":0,"parent":0,"menu_order":0,"comment_status":"closed","ping_status":"closed","template":"","meta":{"footnotes":""},"class_list":["post-1142","page","type-page","status-publish"],"yoast_head":"<!-- This site is optimized with the Yoast SEO Premium plugin v23.1 (Yoast SEO v23.8) - https:\/\/yoast.com\/wordpress\/plugins\/seo\/ -->\n<title>Scrivi per noi - Alotcer<\/title>\n<meta name=\"robots\" content=\"index, follow, max-snippet:-1, max-image-preview:large, max-video-preview:-1\" \/>\n<link rel=\"canonical\" href=\"https:\/\/www.industrialvpnrouterforplcremoteaccess.com\/it\/scrivi-per-noi\/\" \/>\n<meta property=\"og:locale\" content=\"it_IT\" \/>\n<meta property=\"og:type\" content=\"article\" \/>\n<meta property=\"og:title\" content=\"Scrivi per noi\" \/>\n<meta property=\"og:description\" content=\"Se desideri pubblicare un articolo su Alotcer Blog, puoi inviarci un&#8217;e-mail con il tuo articolo. Uno del nostro staff editoriale ... Read more\" \/>\n<meta property=\"og:url\" content=\"https:\/\/www.industrialvpnrouterforplcremoteaccess.com\/it\/scrivi-per-noi\/\" \/>\n<meta property=\"og:site_name\" content=\"Alotcer\" \/>\n<meta property=\"article:publisher\" content=\"https:\/\/www.facebook.com\/Alotcerrouter\" \/>\n<meta property=\"article:modified_time\" content=\"2022-07-29T06:20:24+00:00\" \/>\n<meta name=\"twitter:card\" content=\"summary_large_image\" \/>\n<meta name=\"twitter:site\" content=\"@AnneAnn001\" \/>\n<meta name=\"twitter:label1\" content=\"Tempo di lettura stimato\" \/>\n\t<meta name=\"twitter:data1\" content=\"1 minuto\" \/>\n<script type=\"application\/ld+json\" class=\"yoast-schema-graph\">{\"@context\":\"https:\/\/schema.org\",\"@graph\":[{\"@type\":\"WebPage\",\"@id\":\"https:\/\/www.industrialvpnrouterforplcremoteaccess.com\/it\/scrivi-per-noi\/\",\"url\":\"https:\/\/www.industrialvpnrouterforplcremoteaccess.com\/it\/scrivi-per-noi\/\",\"name\":\"Scrivi per noi - Alotcer\",\"isPartOf\":{\"@id\":\"https:\/\/www.industrialvpnrouterforplcremoteaccess.com\/it\/#website\"},\"datePublished\":\"2022-07-28T09:02:55+00:00\",\"dateModified\":\"2022-07-29T06:20:24+00:00\",\"breadcrumb\":{\"@id\":\"https:\/\/www.industrialvpnrouterforplcremoteaccess.com\/it\/scrivi-per-noi\/#breadcrumb\"},\"inLanguage\":\"it-IT\",\"potentialAction\":[{\"@type\":\"ReadAction\",\"target\":[\"https:\/\/www.industrialvpnrouterforplcremoteaccess.com\/it\/scrivi-per-noi\/\"]}]},{\"@type\":\"BreadcrumbList\",\"@id\":\"https:\/\/www.industrialvpnrouterforplcremoteaccess.com\/it\/scrivi-per-noi\/#breadcrumb\",\"itemListElement\":[{\"@type\":\"ListItem\",\"position\":1,\"name\":\"Home\",\"item\":\"https:\/\/www.industrialvpnrouterforplcremoteaccess.com\/it\/\"},{\"@type\":\"ListItem\",\"position\":2,\"name\":\"Scrivi per noi\"}]},{\"@type\":\"WebSite\",\"@id\":\"https:\/\/www.industrialvpnrouterforplcremoteaccess.com\/it\/#website\",\"url\":\"https:\/\/www.industrialvpnrouterforplcremoteaccess.com\/it\/\",\"name\":\"Alotcer\",\"description\":\"Industrial VPN Router for PLC Remote Access\",\"publisher\":{\"@id\":\"https:\/\/www.industrialvpnrouterforplcremoteaccess.com\/it\/#organization\"},\"potentialAction\":[{\"@type\":\"SearchAction\",\"target\":{\"@type\":\"EntryPoint\",\"urlTemplate\":\"https:\/\/www.industrialvpnrouterforplcremoteaccess.com\/it\/?s={search_term_string}\"},\"query-input\":{\"@type\":\"PropertyValueSpecification\",\"valueRequired\":true,\"valueName\":\"search_term_string\"}}],\"inLanguage\":\"it-IT\"},{\"@type\":\"Organization\",\"@id\":\"https:\/\/www.industrialvpnrouterforplcremoteaccess.com\/it\/#organization\",\"name\":\"Xiamen Alotcer Communication Technology Co.,Ltd\",\"url\":\"https:\/\/www.industrialvpnrouterforplcremoteaccess.com\/it\/\",\"logo\":{\"@type\":\"ImageObject\",\"inLanguage\":\"it-IT\",\"@id\":\"https:\/\/www.industrialvpnrouterforplcremoteaccess.com\/it\/#\/schema\/logo\/image\/\",\"url\":\"https:\/\/www.industrialvpnrouterforplcremoteaccess.com\/wp-content\/uploads\/2022\/07\/logo-Alotcer.webp\",\"contentUrl\":\"https:\/\/www.industrialvpnrouterforplcremoteaccess.com\/wp-content\/uploads\/2022\/07\/logo-Alotcer.webp\",\"width\":174,\"height\":38,\"caption\":\"Xiamen Alotcer Communication Technology Co.,Ltd\"},\"image\":{\"@id\":\"https:\/\/www.industrialvpnrouterforplcremoteaccess.com\/it\/#\/schema\/logo\/image\/\"},\"sameAs\":[\"https:\/\/www.facebook.com\/Alotcerrouter\",\"https:\/\/x.com\/AnneAnn001\",\"https:\/\/www.linkedin.com\/company\/xiamen-alotcer-communication-technology-co-ltd\/\",\"https:\/\/www.youtube.com\/channel\/UC-ArIR2K9xTKfslNU_3QwNw\"]}]}<\/script>\n<!-- \/ Yoast SEO Premium plugin. -->","yoast_head_json":{"title":"Scrivi per noi - Alotcer","robots":{"index":"index","follow":"follow","max-snippet":"max-snippet:-1","max-image-preview":"max-image-preview:large","max-video-preview":"max-video-preview:-1"},"canonical":"https:\/\/www.industrialvpnrouterforplcremoteaccess.com\/it\/scrivi-per-noi\/","og_locale":"it_IT","og_type":"article","og_title":"Scrivi per noi","og_description":"Se desideri pubblicare un articolo su Alotcer Blog, puoi inviarci un&#8217;e-mail con il tuo articolo. Uno del nostro staff editoriale ... Read more","og_url":"https:\/\/www.industrialvpnrouterforplcremoteaccess.com\/it\/scrivi-per-noi\/","og_site_name":"Alotcer","article_publisher":"https:\/\/www.facebook.com\/Alotcerrouter","article_modified_time":"2022-07-29T06:20:24+00:00","twitter_card":"summary_large_image","twitter_site":"@AnneAnn001","twitter_misc":{"Tempo di lettura stimato":"1 minuto"},"schema":{"@context":"https:\/\/schema.org","@graph":[{"@type":"WebPage","@id":"https:\/\/www.industrialvpnrouterforplcremoteaccess.com\/it\/scrivi-per-noi\/","url":"https:\/\/www.industrialvpnrouterforplcremoteaccess.com\/it\/scrivi-per-noi\/","name":"Scrivi per noi - Alotcer","isPartOf":{"@id":"https:\/\/www.industrialvpnrouterforplcremoteaccess.com\/it\/#website"},"datePublished":"2022-07-28T09:02:55+00:00","dateModified":"2022-07-29T06:20:24+00:00","breadcrumb":{"@id":"https:\/\/www.industrialvpnrouterforplcremoteaccess.com\/it\/scrivi-per-noi\/#breadcrumb"},"inLanguage":"it-IT","potentialAction":[{"@type":"ReadAction","target":["https:\/\/www.industrialvpnrouterforplcremoteaccess.com\/it\/scrivi-per-noi\/"]}]},{"@type":"BreadcrumbList","@id":"https:\/\/www.industrialvpnrouterforplcremoteaccess.com\/it\/scrivi-per-noi\/#breadcrumb","itemListElement":[{"@type":"ListItem","position":1,"name":"Home","item":"https:\/\/www.industrialvpnrouterforplcremoteaccess.com\/it\/"},{"@type":"ListItem","position":2,"name":"Scrivi per noi"}]},{"@type":"WebSite","@id":"https:\/\/www.industrialvpnrouterforplcremoteaccess.com\/it\/#website","url":"https:\/\/www.industrialvpnrouterforplcremoteaccess.com\/it\/","name":"Alotcer","description":"Industrial VPN Router for PLC Remote Access","publisher":{"@id":"https:\/\/www.industrialvpnrouterforplcremoteaccess.com\/it\/#organization"},"potentialAction":[{"@type":"SearchAction","target":{"@type":"EntryPoint","urlTemplate":"https:\/\/www.industrialvpnrouterforplcremoteaccess.com\/it\/?s={search_term_string}"},"query-input":{"@type":"PropertyValueSpecification","valueRequired":true,"valueName":"search_term_string"}}],"inLanguage":"it-IT"},{"@type":"Organization","@id":"https:\/\/www.industrialvpnrouterforplcremoteaccess.com\/it\/#organization","name":"Xiamen Alotcer Communication Technology Co.,Ltd","url":"https:\/\/www.industrialvpnrouterforplcremoteaccess.com\/it\/","logo":{"@type":"ImageObject","inLanguage":"it-IT","@id":"https:\/\/www.industrialvpnrouterforplcremoteaccess.com\/it\/#\/schema\/logo\/image\/","url":"https:\/\/www.industrialvpnrouterforplcremoteaccess.com\/wp-content\/uploads\/2022\/07\/logo-Alotcer.webp","contentUrl":"https:\/\/www.industrialvpnrouterforplcremoteaccess.com\/wp-content\/uploads\/2022\/07\/logo-Alotcer.webp","width":174,"height":38,"caption":"Xiamen Alotcer Communication Technology Co.,Ltd"},"image":{"@id":"https:\/\/www.industrialvpnrouterforplcremoteaccess.com\/it\/#\/schema\/logo\/image\/"},"sameAs":["https:\/\/www.facebook.com\/Alotcerrouter","https:\/\/x.com\/AnneAnn001","https:\/\/www.linkedin.com\/company\/xiamen-alotcer-communication-technology-co-ltd\/","https:\/\/www.youtube.com\/channel\/UC-ArIR2K9xTKfslNU_3QwNw"]}]}},"_links":{"self":[{"href":"https:\/\/www.industrialvpnrouterforplcremoteaccess.com\/it\/wp-json\/wp\/v2\/pages\/1142","targetHints":{"allow":["GET"]}}],"collection":[{"href":"https:\/\/www.industrialvpnrouterforplcremoteaccess.com\/it\/wp-json\/wp\/v2\/pages"}],"about":[{"href":"https:\/\/www.industrialvpnrouterforplcremoteaccess.com\/it\/wp-json\/wp\/v2\/types\/page"}],"author":[{"embeddable":true,"href":"https:\/\/www.industrialvpnrouterforplcremoteaccess.com\/it\/wp-json\/wp\/v2\/users\/1"}],"replies":[{"embeddable":true,"href":"https:\/\/www.industrialvpnrouterforplcremoteaccess.com\/it\/wp-json\/wp\/v2\/comments?post=1142"}],"version-history":[{"count":0,"href":"https:\/\/www.industrialvpnrouterforplcremoteaccess.com\/it\/wp-json\/wp\/v2\/pages\/1142\/revisions"}],"wp:attachment":[{"href":"https:\/\/www.industrialvpnrouterforplcremoteaccess.com\/it\/wp-json\/wp\/v2\/media?parent=1142"}],"curies":[{"name":"wp","href":"https:\/\/api.w.org\/{rel}","templated":true}]}}