{"id":1192,"date":"2022-07-28T09:02:55","date_gmt":"2022-07-28T09:02:55","guid":{"rendered":"https:\/\/www.industrialvpnrouterforplcremoteaccess.com\/escreva-para-nos\/"},"modified":"2022-07-29T06:49:15","modified_gmt":"2022-07-29T06:49:15","slug":"escreva-para-nos","status":"publish","type":"page","link":"https:\/\/www.industrialvpnrouterforplcremoteaccess.com\/pt-pt\/escreva-para-nos\/","title":{"rendered":"Escreva para n\u00f3s"},"content":{"rendered":"\n<p>Se desejar publicar um artigo no Alotcer Blog, pode enviar-nos um e-mail com o seu artigo. Um dos nossos editores dever\u00e1 responder-lhe no prazo de 24 horas. <a href=\"https:\/\/www.industrialvpnrouterforplcremoteaccess.com\/pt-pt\/contacto\/\">Clique aqui para nos contactar<\/a>.<\/p>\n\n<p>Informa\u00e7\u00e3o sobre a dura\u00e7\u00e3o do artigo<\/p>\n\n<p>Se decidir escrever para um blog Alotcer em linha, certifique-se de que ser\u00e1 constantemente actualizado com novos conte\u00fados para que os leitores n\u00e3o se cansem de visitar o mesmo website e voltem mais tarde (ou nunca). Se est\u00e1 a planear iniciar o seu pr\u00f3prio blogue, certifique-se de que ter\u00e1 tempo suficiente para escrever consistentemente artigos para ele, uma vez que os motores de busca valorizam a consist\u00eancia. A dura\u00e7\u00e3o ideal do artigo \u00e9 de 500-1000 palavras, mas a contagem de palavras mais curta\/longa pode tamb\u00e9m funcionar dependendo do tipo de publica\u00e7\u00e3o para a qual se destina, incluindo imagens\/visuais, se fizer mais sentido do que apenas um simples texto (os quadros de interesse s\u00e3o uma op\u00e7\u00e3o onde as pessoas partilham as suas coisas favoritas e recomendam outras com base em imagens).<\/p>\n\n<p>Depois de ter escrito o seu artigo, reveja-o v\u00e1rias vezes (uma vez para o conte\u00fado, outra vez ap\u00f3s reformular uma redac\u00e7\u00e3o pouco clara e uma \u00faltima vez para verificar se existem erros gramaticais ou ortogr\u00e1ficos) antes de submeter o rascunho final. Se estiver a escrever para um ezine que est\u00e1 num prazo apertado, envie sempre artigos com tempo suficiente para que haja mais tempo para revis\u00e3o editorial e edi\u00e7\u00e3o.<\/p>\n","protected":false},"excerpt":{"rendered":"<p>Se desejar publicar um artigo no Alotcer Blog, pode enviar-nos um e-mail com o seu artigo. Um dos nossos editores &#8230; <\/p>\n<p class=\"read-more-container\"><a title=\"Escreva para n\u00f3s\" class=\"read-more button\" href=\"https:\/\/www.industrialvpnrouterforplcremoteaccess.com\/pt-pt\/escreva-para-nos\/#more-1192\" aria-label=\"Leia mais sobre Escreva para n\u00f3s\">Read more<\/a><\/p>\n","protected":false},"author":1,"featured_media":0,"parent":0,"menu_order":0,"comment_status":"closed","ping_status":"closed","template":"","meta":{"footnotes":""},"class_list":["post-1192","page","type-page","status-publish"],"yoast_head":"<!-- This site is optimized with the Yoast SEO Premium plugin v23.1 (Yoast SEO v23.8) - https:\/\/yoast.com\/wordpress\/plugins\/seo\/ -->\n<title>Escreva para n\u00f3s - Alotcer<\/title>\n<meta name=\"robots\" content=\"index, follow, max-snippet:-1, max-image-preview:large, max-video-preview:-1\" \/>\n<link rel=\"canonical\" href=\"https:\/\/www.industrialvpnrouterforplcremoteaccess.com\/pt-pt\/escreva-para-nos\/\" \/>\n<meta property=\"og:locale\" content=\"pt_PT\" \/>\n<meta property=\"og:type\" content=\"article\" \/>\n<meta property=\"og:title\" content=\"Escreva para n\u00f3s\" \/>\n<meta property=\"og:description\" content=\"Se desejar publicar um artigo no Alotcer Blog, pode enviar-nos um e-mail com o seu artigo. Um dos nossos editores ... Read more\" \/>\n<meta property=\"og:url\" content=\"https:\/\/www.industrialvpnrouterforplcremoteaccess.com\/pt-pt\/escreva-para-nos\/\" \/>\n<meta property=\"og:site_name\" content=\"Alotcer\" \/>\n<meta property=\"article:publisher\" content=\"https:\/\/www.facebook.com\/Alotcerrouter\" \/>\n<meta property=\"article:modified_time\" content=\"2022-07-29T06:49:15+00:00\" \/>\n<meta name=\"twitter:card\" content=\"summary_large_image\" \/>\n<meta name=\"twitter:site\" content=\"@AnneAnn001\" \/>\n<meta name=\"twitter:label1\" content=\"Tempo estimado de leitura\" \/>\n\t<meta name=\"twitter:data1\" content=\"1 minuto\" \/>\n<script type=\"application\/ld+json\" class=\"yoast-schema-graph\">{\"@context\":\"https:\/\/schema.org\",\"@graph\":[{\"@type\":\"WebPage\",\"@id\":\"https:\/\/www.industrialvpnrouterforplcremoteaccess.com\/pt-pt\/escreva-para-nos\/\",\"url\":\"https:\/\/www.industrialvpnrouterforplcremoteaccess.com\/pt-pt\/escreva-para-nos\/\",\"name\":\"Escreva para n\u00f3s - Alotcer\",\"isPartOf\":{\"@id\":\"https:\/\/www.industrialvpnrouterforplcremoteaccess.com\/pt-pt\/#website\"},\"datePublished\":\"2022-07-28T09:02:55+00:00\",\"dateModified\":\"2022-07-29T06:49:15+00:00\",\"breadcrumb\":{\"@id\":\"https:\/\/www.industrialvpnrouterforplcremoteaccess.com\/pt-pt\/escreva-para-nos\/#breadcrumb\"},\"inLanguage\":\"pt-PT\",\"potentialAction\":[{\"@type\":\"ReadAction\",\"target\":[\"https:\/\/www.industrialvpnrouterforplcremoteaccess.com\/pt-pt\/escreva-para-nos\/\"]}]},{\"@type\":\"BreadcrumbList\",\"@id\":\"https:\/\/www.industrialvpnrouterforplcremoteaccess.com\/pt-pt\/escreva-para-nos\/#breadcrumb\",\"itemListElement\":[{\"@type\":\"ListItem\",\"position\":1,\"name\":\"Home\",\"item\":\"https:\/\/www.industrialvpnrouterforplcremoteaccess.com\/pt-pt\/\"},{\"@type\":\"ListItem\",\"position\":2,\"name\":\"Escreva para n\u00f3s\"}]},{\"@type\":\"WebSite\",\"@id\":\"https:\/\/www.industrialvpnrouterforplcremoteaccess.com\/pt-pt\/#website\",\"url\":\"https:\/\/www.industrialvpnrouterforplcremoteaccess.com\/pt-pt\/\",\"name\":\"Alotcer\",\"description\":\"Industrial VPN Router for PLC Remote Access\",\"publisher\":{\"@id\":\"https:\/\/www.industrialvpnrouterforplcremoteaccess.com\/pt-pt\/#organization\"},\"potentialAction\":[{\"@type\":\"SearchAction\",\"target\":{\"@type\":\"EntryPoint\",\"urlTemplate\":\"https:\/\/www.industrialvpnrouterforplcremoteaccess.com\/pt-pt\/?s={search_term_string}\"},\"query-input\":{\"@type\":\"PropertyValueSpecification\",\"valueRequired\":true,\"valueName\":\"search_term_string\"}}],\"inLanguage\":\"pt-PT\"},{\"@type\":\"Organization\",\"@id\":\"https:\/\/www.industrialvpnrouterforplcremoteaccess.com\/pt-pt\/#organization\",\"name\":\"Xiamen Alotcer Communication Technology Co.,Ltd\",\"url\":\"https:\/\/www.industrialvpnrouterforplcremoteaccess.com\/pt-pt\/\",\"logo\":{\"@type\":\"ImageObject\",\"inLanguage\":\"pt-PT\",\"@id\":\"https:\/\/www.industrialvpnrouterforplcremoteaccess.com\/pt-pt\/#\/schema\/logo\/image\/\",\"url\":\"https:\/\/www.industrialvpnrouterforplcremoteaccess.com\/wp-content\/uploads\/2022\/07\/logo-Alotcer.webp\",\"contentUrl\":\"https:\/\/www.industrialvpnrouterforplcremoteaccess.com\/wp-content\/uploads\/2022\/07\/logo-Alotcer.webp\",\"width\":174,\"height\":38,\"caption\":\"Xiamen Alotcer Communication Technology Co.,Ltd\"},\"image\":{\"@id\":\"https:\/\/www.industrialvpnrouterforplcremoteaccess.com\/pt-pt\/#\/schema\/logo\/image\/\"},\"sameAs\":[\"https:\/\/www.facebook.com\/Alotcerrouter\",\"https:\/\/x.com\/AnneAnn001\",\"https:\/\/www.linkedin.com\/company\/xiamen-alotcer-communication-technology-co-ltd\/\",\"https:\/\/www.youtube.com\/channel\/UC-ArIR2K9xTKfslNU_3QwNw\"]}]}<\/script>\n<!-- \/ Yoast SEO Premium plugin. -->","yoast_head_json":{"title":"Escreva para n\u00f3s - Alotcer","robots":{"index":"index","follow":"follow","max-snippet":"max-snippet:-1","max-image-preview":"max-image-preview:large","max-video-preview":"max-video-preview:-1"},"canonical":"https:\/\/www.industrialvpnrouterforplcremoteaccess.com\/pt-pt\/escreva-para-nos\/","og_locale":"pt_PT","og_type":"article","og_title":"Escreva para n\u00f3s","og_description":"Se desejar publicar um artigo no Alotcer Blog, pode enviar-nos um e-mail com o seu artigo. Um dos nossos editores ... Read more","og_url":"https:\/\/www.industrialvpnrouterforplcremoteaccess.com\/pt-pt\/escreva-para-nos\/","og_site_name":"Alotcer","article_publisher":"https:\/\/www.facebook.com\/Alotcerrouter","article_modified_time":"2022-07-29T06:49:15+00:00","twitter_card":"summary_large_image","twitter_site":"@AnneAnn001","twitter_misc":{"Tempo estimado de leitura":"1 minuto"},"schema":{"@context":"https:\/\/schema.org","@graph":[{"@type":"WebPage","@id":"https:\/\/www.industrialvpnrouterforplcremoteaccess.com\/pt-pt\/escreva-para-nos\/","url":"https:\/\/www.industrialvpnrouterforplcremoteaccess.com\/pt-pt\/escreva-para-nos\/","name":"Escreva para n\u00f3s - Alotcer","isPartOf":{"@id":"https:\/\/www.industrialvpnrouterforplcremoteaccess.com\/pt-pt\/#website"},"datePublished":"2022-07-28T09:02:55+00:00","dateModified":"2022-07-29T06:49:15+00:00","breadcrumb":{"@id":"https:\/\/www.industrialvpnrouterforplcremoteaccess.com\/pt-pt\/escreva-para-nos\/#breadcrumb"},"inLanguage":"pt-PT","potentialAction":[{"@type":"ReadAction","target":["https:\/\/www.industrialvpnrouterforplcremoteaccess.com\/pt-pt\/escreva-para-nos\/"]}]},{"@type":"BreadcrumbList","@id":"https:\/\/www.industrialvpnrouterforplcremoteaccess.com\/pt-pt\/escreva-para-nos\/#breadcrumb","itemListElement":[{"@type":"ListItem","position":1,"name":"Home","item":"https:\/\/www.industrialvpnrouterforplcremoteaccess.com\/pt-pt\/"},{"@type":"ListItem","position":2,"name":"Escreva para n\u00f3s"}]},{"@type":"WebSite","@id":"https:\/\/www.industrialvpnrouterforplcremoteaccess.com\/pt-pt\/#website","url":"https:\/\/www.industrialvpnrouterforplcremoteaccess.com\/pt-pt\/","name":"Alotcer","description":"Industrial VPN Router for PLC Remote Access","publisher":{"@id":"https:\/\/www.industrialvpnrouterforplcremoteaccess.com\/pt-pt\/#organization"},"potentialAction":[{"@type":"SearchAction","target":{"@type":"EntryPoint","urlTemplate":"https:\/\/www.industrialvpnrouterforplcremoteaccess.com\/pt-pt\/?s={search_term_string}"},"query-input":{"@type":"PropertyValueSpecification","valueRequired":true,"valueName":"search_term_string"}}],"inLanguage":"pt-PT"},{"@type":"Organization","@id":"https:\/\/www.industrialvpnrouterforplcremoteaccess.com\/pt-pt\/#organization","name":"Xiamen Alotcer Communication Technology Co.,Ltd","url":"https:\/\/www.industrialvpnrouterforplcremoteaccess.com\/pt-pt\/","logo":{"@type":"ImageObject","inLanguage":"pt-PT","@id":"https:\/\/www.industrialvpnrouterforplcremoteaccess.com\/pt-pt\/#\/schema\/logo\/image\/","url":"https:\/\/www.industrialvpnrouterforplcremoteaccess.com\/wp-content\/uploads\/2022\/07\/logo-Alotcer.webp","contentUrl":"https:\/\/www.industrialvpnrouterforplcremoteaccess.com\/wp-content\/uploads\/2022\/07\/logo-Alotcer.webp","width":174,"height":38,"caption":"Xiamen Alotcer Communication Technology Co.,Ltd"},"image":{"@id":"https:\/\/www.industrialvpnrouterforplcremoteaccess.com\/pt-pt\/#\/schema\/logo\/image\/"},"sameAs":["https:\/\/www.facebook.com\/Alotcerrouter","https:\/\/x.com\/AnneAnn001","https:\/\/www.linkedin.com\/company\/xiamen-alotcer-communication-technology-co-ltd\/","https:\/\/www.youtube.com\/channel\/UC-ArIR2K9xTKfslNU_3QwNw"]}]}},"_links":{"self":[{"href":"https:\/\/www.industrialvpnrouterforplcremoteaccess.com\/pt-pt\/wp-json\/wp\/v2\/pages\/1192","targetHints":{"allow":["GET"]}}],"collection":[{"href":"https:\/\/www.industrialvpnrouterforplcremoteaccess.com\/pt-pt\/wp-json\/wp\/v2\/pages"}],"about":[{"href":"https:\/\/www.industrialvpnrouterforplcremoteaccess.com\/pt-pt\/wp-json\/wp\/v2\/types\/page"}],"author":[{"embeddable":true,"href":"https:\/\/www.industrialvpnrouterforplcremoteaccess.com\/pt-pt\/wp-json\/wp\/v2\/users\/1"}],"replies":[{"embeddable":true,"href":"https:\/\/www.industrialvpnrouterforplcremoteaccess.com\/pt-pt\/wp-json\/wp\/v2\/comments?post=1192"}],"version-history":[{"count":0,"href":"https:\/\/www.industrialvpnrouterforplcremoteaccess.com\/pt-pt\/wp-json\/wp\/v2\/pages\/1192\/revisions"}],"wp:attachment":[{"href":"https:\/\/www.industrialvpnrouterforplcremoteaccess.com\/pt-pt\/wp-json\/wp\/v2\/media?parent=1192"}],"curies":[{"name":"wp","href":"https:\/\/api.w.org\/{rel}","templated":true}]}}