{"id":1200,"date":"2022-07-28T09:02:55","date_gmt":"2022-07-28T09:02:55","guid":{"rendered":"https:\/\/www.industrialvpnrouterforplcremoteaccess.com\/scrieti-pentru-noi\/"},"modified":"2022-07-29T06:54:08","modified_gmt":"2022-07-29T06:54:08","slug":"scrieti-pentru-noi","status":"publish","type":"page","link":"https:\/\/www.industrialvpnrouterforplcremoteaccess.com\/ro\/scrieti-pentru-noi\/","title":{"rendered":"Scrie\u021bi pentru noi"},"content":{"rendered":"\n<p>Dac\u0103 dori\u021bi s\u0103 publica\u021bi un articol pe Alotcer Blog, ne pute\u021bi trimite un e-mail cu articolul dvs. Unul dintre personalul nostru de publicare ar trebui s\u0103 v\u0103 r\u0103spund\u0103 \u00een termen de 24 de ore. <a href=\"https:\/\/www.industrialvpnrouterforplcremoteaccess.com\/ro\/a-lua-legatura\/\">Click aici pentru a ne contacta<\/a>.<\/p>\n\n<p>Informa\u021bii despre lungimea articolului<\/p>\n\n<p>Dac\u0103 decide\u021bi s\u0103 scrie\u021bi pentru un blog online Alotcer, asigura\u021bi-v\u0103 c\u0103 acesta va fi actualizat constant cu con\u021binut proasp\u0103t, astfel \u00eenc\u00e2t cititorii s\u0103 nu se oboseasc\u0103 s\u0103 viziteze acela\u0219i site web \u0219i s\u0103 revin\u0103 mai t\u00e2rziu (sau niciodat\u0103). Dac\u0103 inten\u021biona\u021bi s\u0103 v\u0103 deschide\u021bi propriul blog, asigura\u021bi-v\u0103 c\u0103 ve\u021bi avea suficient timp pentru a scrie \u00een mod constant articole pentru el, deoarece motoarele de c\u0103utare apreciaz\u0103 consisten\u021ba. Lungimea ideal\u0103 a articolului este de 500-1000 de cuvinte, dar num\u0103rul de cuvinte mai scurt\/mai lung poate func\u021biona, de asemenea, \u00een func\u021bie de tipul de publica\u021bie pentru care este, plus include\u021bi imagini\/imagini vizuale dac\u0103 are mai mult sens dec\u00e2t doar textul simplu (panourile Pinterest sunt o op\u021biune \u00een care oamenii \u00ee\u0219i \u00eemp\u0103rt\u0103\u0219esc lucruri preferate \u0219i recomand\u0103 altele pe baza imaginilor).<\/p>\n\n<p>Dup\u0103 ce \u021bi-ai scris articolul, corecteaz\u0103-l de mai multe ori (o dat\u0103 pentru con\u021binut, din nou dup\u0103 reformularea unei formul\u0103ri neclare \u0219i o ultim\u0103 dat\u0103 pentru a verifica eventualele gre\u0219eli gramaticale sau de ortografie) \u00eenainte de a trimite schi\u021ba final\u0103. Dac\u0103 scrie\u021bi pentru o redac\u021bie electronic\u0103 care are un termen limit\u0103 str\u00e2ns, trimite\u021bi \u00eentotdeauna articole cu un timp suficient, astfel \u00eenc\u00e2t s\u0103 ave\u021bi mai mult timp pentru revizuire editorial\u0103 \u0219i editare.<\/p>\n","protected":false},"excerpt":{"rendered":"<p>Dac\u0103 dori\u021bi s\u0103 publica\u021bi un articol pe Alotcer Blog, ne pute\u021bi trimite un e-mail cu articolul dvs. Unul dintre personalul &#8230; <\/p>\n<p class=\"read-more-container\"><a title=\"Scrie\u021bi pentru noi\" class=\"read-more button\" href=\"https:\/\/www.industrialvpnrouterforplcremoteaccess.com\/ro\/scrieti-pentru-noi\/#more-1200\" aria-label=\"Cite\u0219te mai multe despre Scrie\u021bi pentru noi\">Read more<\/a><\/p>\n","protected":false},"author":1,"featured_media":0,"parent":0,"menu_order":0,"comment_status":"closed","ping_status":"closed","template":"","meta":{"footnotes":""},"class_list":["post-1200","page","type-page","status-publish"],"yoast_head":"<!-- This site is optimized with the Yoast SEO Premium plugin v23.1 (Yoast SEO v23.8) - https:\/\/yoast.com\/wordpress\/plugins\/seo\/ -->\n<title>Scrie\u021bi pentru noi - Alotcer<\/title>\n<meta name=\"robots\" content=\"index, follow, max-snippet:-1, max-image-preview:large, max-video-preview:-1\" \/>\n<link rel=\"canonical\" href=\"https:\/\/www.industrialvpnrouterforplcremoteaccess.com\/ro\/scrieti-pentru-noi\/\" \/>\n<meta property=\"og:locale\" content=\"ro_RO\" \/>\n<meta property=\"og:type\" content=\"article\" \/>\n<meta property=\"og:title\" content=\"Scrie\u021bi pentru noi\" \/>\n<meta property=\"og:description\" content=\"Dac\u0103 dori\u021bi s\u0103 publica\u021bi un articol pe Alotcer Blog, ne pute\u021bi trimite un e-mail cu articolul dvs. Unul dintre personalul ... Read more\" \/>\n<meta property=\"og:url\" content=\"https:\/\/www.industrialvpnrouterforplcremoteaccess.com\/ro\/scrieti-pentru-noi\/\" \/>\n<meta property=\"og:site_name\" content=\"Alotcer\" \/>\n<meta property=\"article:publisher\" content=\"https:\/\/www.facebook.com\/Alotcerrouter\" \/>\n<meta property=\"article:modified_time\" content=\"2022-07-29T06:54:08+00:00\" \/>\n<meta name=\"twitter:card\" content=\"summary_large_image\" \/>\n<meta name=\"twitter:site\" content=\"@AnneAnn001\" \/>\n<meta name=\"twitter:label1\" content=\"Timp estimat pentru citire\" \/>\n\t<meta name=\"twitter:data1\" content=\"1 minut\" \/>\n<script type=\"application\/ld+json\" class=\"yoast-schema-graph\">{\"@context\":\"https:\/\/schema.org\",\"@graph\":[{\"@type\":\"WebPage\",\"@id\":\"https:\/\/www.industrialvpnrouterforplcremoteaccess.com\/ro\/scrieti-pentru-noi\/\",\"url\":\"https:\/\/www.industrialvpnrouterforplcremoteaccess.com\/ro\/scrieti-pentru-noi\/\",\"name\":\"Scrie\u021bi pentru noi - Alotcer\",\"isPartOf\":{\"@id\":\"https:\/\/www.industrialvpnrouterforplcremoteaccess.com\/ro\/#website\"},\"datePublished\":\"2022-07-28T09:02:55+00:00\",\"dateModified\":\"2022-07-29T06:54:08+00:00\",\"breadcrumb\":{\"@id\":\"https:\/\/www.industrialvpnrouterforplcremoteaccess.com\/ro\/scrieti-pentru-noi\/#breadcrumb\"},\"inLanguage\":\"ro-RO\",\"potentialAction\":[{\"@type\":\"ReadAction\",\"target\":[\"https:\/\/www.industrialvpnrouterforplcremoteaccess.com\/ro\/scrieti-pentru-noi\/\"]}]},{\"@type\":\"BreadcrumbList\",\"@id\":\"https:\/\/www.industrialvpnrouterforplcremoteaccess.com\/ro\/scrieti-pentru-noi\/#breadcrumb\",\"itemListElement\":[{\"@type\":\"ListItem\",\"position\":1,\"name\":\"Home\",\"item\":\"https:\/\/www.industrialvpnrouterforplcremoteaccess.com\/ro\/\"},{\"@type\":\"ListItem\",\"position\":2,\"name\":\"Scrie\u021bi pentru noi\"}]},{\"@type\":\"WebSite\",\"@id\":\"https:\/\/www.industrialvpnrouterforplcremoteaccess.com\/ro\/#website\",\"url\":\"https:\/\/www.industrialvpnrouterforplcremoteaccess.com\/ro\/\",\"name\":\"Alotcer\",\"description\":\"Industrial VPN Router for PLC Remote Access\",\"publisher\":{\"@id\":\"https:\/\/www.industrialvpnrouterforplcremoteaccess.com\/ro\/#organization\"},\"potentialAction\":[{\"@type\":\"SearchAction\",\"target\":{\"@type\":\"EntryPoint\",\"urlTemplate\":\"https:\/\/www.industrialvpnrouterforplcremoteaccess.com\/ro\/?s={search_term_string}\"},\"query-input\":{\"@type\":\"PropertyValueSpecification\",\"valueRequired\":true,\"valueName\":\"search_term_string\"}}],\"inLanguage\":\"ro-RO\"},{\"@type\":\"Organization\",\"@id\":\"https:\/\/www.industrialvpnrouterforplcremoteaccess.com\/ro\/#organization\",\"name\":\"Xiamen Alotcer Communication Technology Co.,Ltd\",\"url\":\"https:\/\/www.industrialvpnrouterforplcremoteaccess.com\/ro\/\",\"logo\":{\"@type\":\"ImageObject\",\"inLanguage\":\"ro-RO\",\"@id\":\"https:\/\/www.industrialvpnrouterforplcremoteaccess.com\/ro\/#\/schema\/logo\/image\/\",\"url\":\"https:\/\/www.industrialvpnrouterforplcremoteaccess.com\/wp-content\/uploads\/2022\/07\/logo-Alotcer.webp\",\"contentUrl\":\"https:\/\/www.industrialvpnrouterforplcremoteaccess.com\/wp-content\/uploads\/2022\/07\/logo-Alotcer.webp\",\"width\":174,\"height\":38,\"caption\":\"Xiamen Alotcer Communication Technology Co.,Ltd\"},\"image\":{\"@id\":\"https:\/\/www.industrialvpnrouterforplcremoteaccess.com\/ro\/#\/schema\/logo\/image\/\"},\"sameAs\":[\"https:\/\/www.facebook.com\/Alotcerrouter\",\"https:\/\/x.com\/AnneAnn001\",\"https:\/\/www.linkedin.com\/company\/xiamen-alotcer-communication-technology-co-ltd\/\",\"https:\/\/www.youtube.com\/channel\/UC-ArIR2K9xTKfslNU_3QwNw\"]}]}<\/script>\n<!-- \/ Yoast SEO Premium plugin. -->","yoast_head_json":{"title":"Scrie\u021bi pentru noi - Alotcer","robots":{"index":"index","follow":"follow","max-snippet":"max-snippet:-1","max-image-preview":"max-image-preview:large","max-video-preview":"max-video-preview:-1"},"canonical":"https:\/\/www.industrialvpnrouterforplcremoteaccess.com\/ro\/scrieti-pentru-noi\/","og_locale":"ro_RO","og_type":"article","og_title":"Scrie\u021bi pentru noi","og_description":"Dac\u0103 dori\u021bi s\u0103 publica\u021bi un articol pe Alotcer Blog, ne pute\u021bi trimite un e-mail cu articolul dvs. Unul dintre personalul ... Read more","og_url":"https:\/\/www.industrialvpnrouterforplcremoteaccess.com\/ro\/scrieti-pentru-noi\/","og_site_name":"Alotcer","article_publisher":"https:\/\/www.facebook.com\/Alotcerrouter","article_modified_time":"2022-07-29T06:54:08+00:00","twitter_card":"summary_large_image","twitter_site":"@AnneAnn001","twitter_misc":{"Timp estimat pentru citire":"1 minut"},"schema":{"@context":"https:\/\/schema.org","@graph":[{"@type":"WebPage","@id":"https:\/\/www.industrialvpnrouterforplcremoteaccess.com\/ro\/scrieti-pentru-noi\/","url":"https:\/\/www.industrialvpnrouterforplcremoteaccess.com\/ro\/scrieti-pentru-noi\/","name":"Scrie\u021bi pentru noi - Alotcer","isPartOf":{"@id":"https:\/\/www.industrialvpnrouterforplcremoteaccess.com\/ro\/#website"},"datePublished":"2022-07-28T09:02:55+00:00","dateModified":"2022-07-29T06:54:08+00:00","breadcrumb":{"@id":"https:\/\/www.industrialvpnrouterforplcremoteaccess.com\/ro\/scrieti-pentru-noi\/#breadcrumb"},"inLanguage":"ro-RO","potentialAction":[{"@type":"ReadAction","target":["https:\/\/www.industrialvpnrouterforplcremoteaccess.com\/ro\/scrieti-pentru-noi\/"]}]},{"@type":"BreadcrumbList","@id":"https:\/\/www.industrialvpnrouterforplcremoteaccess.com\/ro\/scrieti-pentru-noi\/#breadcrumb","itemListElement":[{"@type":"ListItem","position":1,"name":"Home","item":"https:\/\/www.industrialvpnrouterforplcremoteaccess.com\/ro\/"},{"@type":"ListItem","position":2,"name":"Scrie\u021bi pentru noi"}]},{"@type":"WebSite","@id":"https:\/\/www.industrialvpnrouterforplcremoteaccess.com\/ro\/#website","url":"https:\/\/www.industrialvpnrouterforplcremoteaccess.com\/ro\/","name":"Alotcer","description":"Industrial VPN Router for PLC Remote Access","publisher":{"@id":"https:\/\/www.industrialvpnrouterforplcremoteaccess.com\/ro\/#organization"},"potentialAction":[{"@type":"SearchAction","target":{"@type":"EntryPoint","urlTemplate":"https:\/\/www.industrialvpnrouterforplcremoteaccess.com\/ro\/?s={search_term_string}"},"query-input":{"@type":"PropertyValueSpecification","valueRequired":true,"valueName":"search_term_string"}}],"inLanguage":"ro-RO"},{"@type":"Organization","@id":"https:\/\/www.industrialvpnrouterforplcremoteaccess.com\/ro\/#organization","name":"Xiamen Alotcer Communication Technology Co.,Ltd","url":"https:\/\/www.industrialvpnrouterforplcremoteaccess.com\/ro\/","logo":{"@type":"ImageObject","inLanguage":"ro-RO","@id":"https:\/\/www.industrialvpnrouterforplcremoteaccess.com\/ro\/#\/schema\/logo\/image\/","url":"https:\/\/www.industrialvpnrouterforplcremoteaccess.com\/wp-content\/uploads\/2022\/07\/logo-Alotcer.webp","contentUrl":"https:\/\/www.industrialvpnrouterforplcremoteaccess.com\/wp-content\/uploads\/2022\/07\/logo-Alotcer.webp","width":174,"height":38,"caption":"Xiamen Alotcer Communication Technology Co.,Ltd"},"image":{"@id":"https:\/\/www.industrialvpnrouterforplcremoteaccess.com\/ro\/#\/schema\/logo\/image\/"},"sameAs":["https:\/\/www.facebook.com\/Alotcerrouter","https:\/\/x.com\/AnneAnn001","https:\/\/www.linkedin.com\/company\/xiamen-alotcer-communication-technology-co-ltd\/","https:\/\/www.youtube.com\/channel\/UC-ArIR2K9xTKfslNU_3QwNw"]}]}},"_links":{"self":[{"href":"https:\/\/www.industrialvpnrouterforplcremoteaccess.com\/ro\/wp-json\/wp\/v2\/pages\/1200","targetHints":{"allow":["GET"]}}],"collection":[{"href":"https:\/\/www.industrialvpnrouterforplcremoteaccess.com\/ro\/wp-json\/wp\/v2\/pages"}],"about":[{"href":"https:\/\/www.industrialvpnrouterforplcremoteaccess.com\/ro\/wp-json\/wp\/v2\/types\/page"}],"author":[{"embeddable":true,"href":"https:\/\/www.industrialvpnrouterforplcremoteaccess.com\/ro\/wp-json\/wp\/v2\/users\/1"}],"replies":[{"embeddable":true,"href":"https:\/\/www.industrialvpnrouterforplcremoteaccess.com\/ro\/wp-json\/wp\/v2\/comments?post=1200"}],"version-history":[{"count":0,"href":"https:\/\/www.industrialvpnrouterforplcremoteaccess.com\/ro\/wp-json\/wp\/v2\/pages\/1200\/revisions"}],"wp:attachment":[{"href":"https:\/\/www.industrialvpnrouterforplcremoteaccess.com\/ro\/wp-json\/wp\/v2\/media?parent=1200"}],"curies":[{"name":"wp","href":"https:\/\/api.w.org\/{rel}","templated":true}]}}