{"id":1264,"date":"2022-07-28T09:02:55","date_gmt":"2022-07-28T09:02:55","guid":{"rendered":"https:\/\/www.industrialvpnrouterforplcremoteaccess.com\/viet-cho-chung-toi\/"},"modified":"2022-07-29T07:28:28","modified_gmt":"2022-07-29T07:28:28","slug":"viet-cho-chung-toi","status":"publish","type":"page","link":"https:\/\/www.industrialvpnrouterforplcremoteaccess.com\/vi\/viet-cho-chung-toi\/","title":{"rendered":"Vi\u1ebft cho ch\u00fang t\u00f4i"},"content":{"rendered":"\n<p>N\u1ebfu b\u1ea1n mu\u1ed1n xu\u1ea5t b\u1ea3n m\u1ed9t b\u00e0i b\u00e1o tr\u00ean Alotcer Blog, b\u1ea1n c\u00f3 th\u1ec3 g\u1eedi email cho ch\u00fang t\u00f4i c\u00f9ng v\u1edbi b\u00e0i vi\u1ebft c\u1ee7a b\u1ea1n. M\u1ed9t trong nh\u1eefng nh\u00e2n vi\u00ean xu\u1ea5t b\u1ea3n c\u1ee7a ch\u00fang t\u00f4i s\u1ebd tr\u1ea3 l\u1eddi b\u1ea1n trong v\u00f2ng 24 gi\u1edd. <a href=\"https:\/\/www.industrialvpnrouterforplcremoteaccess.com\/vi\/tiep-xuc\/\">Nh\u1ea5n v\u00e0o \u0111\u00e2y \u0111\u1ec3 li\u00ean h\u1ec7 v\u1edbi ch\u00fang t\u00f4i<\/a>.<\/p>\n\n<p>Th\u00f4ng tin v\u1ec1 \u0111\u1ed9 d\u00e0i b\u00e0i vi\u1ebft<\/p>\n\n<p>N\u1ebfu b\u1ea1n quy\u1ebft \u0111\u1ecbnh vi\u1ebft cho m\u1ed9t blog tr\u1ef1c tuy\u1ebfn Alotcer, h\u00e3y \u0111\u1ea3m b\u1ea3o r\u1eb1ng n\u00f3 s\u1ebd \u0111\u01b0\u1ee3c c\u1eadp nh\u1eadt li\u00ean t\u1ee5c v\u1edbi n\u1ed9i dung m\u1edbi \u0111\u1ec3 ng\u01b0\u1eddi \u0111\u1ecdc kh\u00f4ng c\u1ea3m th\u1ea5y m\u1ec7t m\u1ecfi khi truy c\u1eadp c\u00f9ng m\u1ed9t trang web v\u00e0 quay l\u1ea1i sau (ho\u1eb7c kh\u00f4ng bao gi\u1edd). N\u1ebfu b\u1ea1n \u0111ang c\u00f3 k\u1ebf ho\u1ea1ch b\u1eaft \u0111\u1ea7u blog c\u1ee7a ri\u00eang m\u00ecnh, h\u00e3y \u0111\u1ea3m b\u1ea3o r\u1eb1ng b\u1ea1n s\u1ebd c\u00f3 \u0111\u1ee7 th\u1eddi gian \u0111\u1ec3 vi\u1ebft b\u00e0i cho blog \u0111\u00f3 m\u1ed9t c\u00e1ch nh\u1ea5t qu\u00e1n v\u00ec c\u00e1c c\u00f4ng c\u1ee5 t\u00ecm ki\u1ebfm coi tr\u1ecdng t\u00ednh nh\u1ea5t qu\u00e1n. \u0110\u1ed9 d\u00e0i b\u00e0i vi\u1ebft l\u00fd t\u01b0\u1edfng l\u00e0 500-1000 t\u1eeb nh\u01b0ng s\u1ed1 l\u01b0\u1ee3ng t\u1eeb ng\u1eafn h\u01a1n \/ d\u00e0i h\u01a1n c\u0169ng c\u00f3 th\u1ec3 ho\u1ea1t \u0111\u1ed9ng t\u00f9y thu\u1ed9c v\u00e0o lo\u1ea1i \u1ea5n ph\u1ea9m m\u00e0 n\u00f3 \u0111\u01b0\u1ee3c xu\u1ea5t b\u1ea3n c\u1ed9ng v\u1edbi vi\u1ec7c bao g\u1ed3m h\u00ecnh \u1ea3nh \/ h\u00ecnh \u1ea3nh n\u1ebfu n\u00f3 c\u00f3 \u00fd ngh\u0129a h\u01a1n ch\u1ec9 v\u0103n b\u1ea3n \u0111\u01a1n gi\u1ea3n (b\u1ea3ng Pinterest l\u00e0 m\u1ed9t trong nh\u1eefng l\u1ef1a ch\u1ecdn \u0111\u1ec3 m\u1ecdi ng\u01b0\u1eddi chia s\u1ebb nh\u1eefng th\u1ee9 y\u00eau th\u00edch v\u00e0 gi\u1edbi thi\u1ec7u ng\u01b0\u1eddi kh\u00e1c d\u1ef1a tr\u00ean h\u00ecnh \u1ea3nh).<\/p>\n\n<p>Sau khi b\u1ea1n vi\u1ebft xong b\u00e0i vi\u1ebft c\u1ee7a m\u00ecnh, h\u00e3y \u0111\u1ecdc l\u1ea1i nhi\u1ec1u l\u1ea7n (m\u1ed9t l\u1ea7n cho n\u1ed9i dung, m\u1ed9t l\u1ea7n n\u1eefa sau khi di\u1ec5n \u0111\u1ea1t l\u1ea1i t\u1eeb ng\u1eef kh\u00f4ng r\u00f5 r\u00e0ng v\u00e0 l\u1ea7n cu\u1ed1i c\u00f9ng \u0111\u1ec3 ki\u1ec3m tra b\u1ea5t k\u1ef3 l\u1ed7i ng\u1eef ph\u00e1p ho\u1eb7c ch\u00ednh t\u1ea3 n\u00e0o) tr\u01b0\u1edbc khi g\u1eedi b\u1ea3n nh\u00e1p cu\u1ed1i c\u00f9ng. N\u1ebfu b\u1ea1n \u0111ang vi\u1ebft cho m\u1ed9t t\u1ea1p ch\u00ed \u0111i\u1ec7n t\u1eed \u0111ang c\u00f3 th\u1eddi h\u1ea1n ch\u1eb7t ch\u1ebd, h\u00e3y lu\u00f4n g\u1eedi c\u00e1c b\u00e0i vi\u1ebft v\u1edbi th\u1eddi gian th\u1ef1c hi\u1ec7n nhi\u1ec1u \u0111\u1ec3 c\u00f3 nhi\u1ec1u th\u1eddi gian h\u01a1n cho vi\u1ec7c xem x\u00e9t v\u00e0 ch\u1ec9nh s\u1eeda c\u1ee7a ban bi\u00ean t\u1eadp.<\/p>\n","protected":false},"excerpt":{"rendered":"<p>N\u1ebfu b\u1ea1n mu\u1ed1n xu\u1ea5t b\u1ea3n m\u1ed9t b\u00e0i b\u00e1o tr\u00ean Alotcer Blog, b\u1ea1n c\u00f3 th\u1ec3 g\u1eedi email cho ch\u00fang t\u00f4i c\u00f9ng &#8230; <\/p>\n<p class=\"read-more-container\"><a title=\"Vi\u1ebft cho ch\u00fang t\u00f4i\" class=\"read-more button\" href=\"https:\/\/www.industrialvpnrouterforplcremoteaccess.com\/vi\/viet-cho-chung-toi\/#more-1264\" aria-label=\"Read more about Vi\u1ebft cho ch\u00fang t\u00f4i\">Read more<\/a><\/p>\n","protected":false},"author":1,"featured_media":0,"parent":0,"menu_order":0,"comment_status":"closed","ping_status":"closed","template":"","meta":{"footnotes":""},"class_list":["post-1264","page","type-page","status-publish"],"yoast_head":"<!-- This site is optimized with the Yoast SEO Premium plugin v23.1 (Yoast SEO v23.8) - https:\/\/yoast.com\/wordpress\/plugins\/seo\/ -->\n<title>Vi\u1ebft cho ch\u00fang t\u00f4i - Alotcer<\/title>\n<meta name=\"robots\" content=\"index, follow, max-snippet:-1, max-image-preview:large, max-video-preview:-1\" \/>\n<link rel=\"canonical\" href=\"https:\/\/www.industrialvpnrouterforplcremoteaccess.com\/vi\/viet-cho-chung-toi\/\" \/>\n<meta property=\"og:locale\" content=\"vi_VN\" \/>\n<meta property=\"og:type\" content=\"article\" \/>\n<meta property=\"og:title\" content=\"Vi\u1ebft cho ch\u00fang t\u00f4i\" \/>\n<meta property=\"og:description\" content=\"N\u1ebfu b\u1ea1n mu\u1ed1n xu\u1ea5t b\u1ea3n m\u1ed9t b\u00e0i b\u00e1o tr\u00ean Alotcer Blog, b\u1ea1n c\u00f3 th\u1ec3 g\u1eedi email cho ch\u00fang t\u00f4i c\u00f9ng ... Read more\" \/>\n<meta property=\"og:url\" content=\"https:\/\/www.industrialvpnrouterforplcremoteaccess.com\/vi\/viet-cho-chung-toi\/\" \/>\n<meta property=\"og:site_name\" content=\"Alotcer\" \/>\n<meta property=\"article:publisher\" content=\"https:\/\/www.facebook.com\/Alotcerrouter\" \/>\n<meta property=\"article:modified_time\" content=\"2022-07-29T07:28:28+00:00\" \/>\n<meta name=\"twitter:card\" content=\"summary_large_image\" \/>\n<meta name=\"twitter:site\" content=\"@AnneAnn001\" \/>\n<meta name=\"twitter:label1\" content=\"Est. reading time\" \/>\n\t<meta name=\"twitter:data1\" content=\"3 minutes\" \/>\n<script type=\"application\/ld+json\" class=\"yoast-schema-graph\">{\"@context\":\"https:\/\/schema.org\",\"@graph\":[{\"@type\":\"WebPage\",\"@id\":\"https:\/\/www.industrialvpnrouterforplcremoteaccess.com\/vi\/viet-cho-chung-toi\/\",\"url\":\"https:\/\/www.industrialvpnrouterforplcremoteaccess.com\/vi\/viet-cho-chung-toi\/\",\"name\":\"Vi\u1ebft cho ch\u00fang t\u00f4i - Alotcer\",\"isPartOf\":{\"@id\":\"https:\/\/www.industrialvpnrouterforplcremoteaccess.com\/vi\/#website\"},\"datePublished\":\"2022-07-28T09:02:55+00:00\",\"dateModified\":\"2022-07-29T07:28:28+00:00\",\"breadcrumb\":{\"@id\":\"https:\/\/www.industrialvpnrouterforplcremoteaccess.com\/vi\/viet-cho-chung-toi\/#breadcrumb\"},\"inLanguage\":\"vi-VN\",\"potentialAction\":[{\"@type\":\"ReadAction\",\"target\":[\"https:\/\/www.industrialvpnrouterforplcremoteaccess.com\/vi\/viet-cho-chung-toi\/\"]}]},{\"@type\":\"BreadcrumbList\",\"@id\":\"https:\/\/www.industrialvpnrouterforplcremoteaccess.com\/vi\/viet-cho-chung-toi\/#breadcrumb\",\"itemListElement\":[{\"@type\":\"ListItem\",\"position\":1,\"name\":\"Home\",\"item\":\"https:\/\/www.industrialvpnrouterforplcremoteaccess.com\/vi\/\"},{\"@type\":\"ListItem\",\"position\":2,\"name\":\"Vi\u1ebft cho ch\u00fang t\u00f4i\"}]},{\"@type\":\"WebSite\",\"@id\":\"https:\/\/www.industrialvpnrouterforplcremoteaccess.com\/vi\/#website\",\"url\":\"https:\/\/www.industrialvpnrouterforplcremoteaccess.com\/vi\/\",\"name\":\"Alotcer\",\"description\":\"Industrial VPN Router for PLC Remote Access\",\"publisher\":{\"@id\":\"https:\/\/www.industrialvpnrouterforplcremoteaccess.com\/vi\/#organization\"},\"potentialAction\":[{\"@type\":\"SearchAction\",\"target\":{\"@type\":\"EntryPoint\",\"urlTemplate\":\"https:\/\/www.industrialvpnrouterforplcremoteaccess.com\/vi\/?s={search_term_string}\"},\"query-input\":{\"@type\":\"PropertyValueSpecification\",\"valueRequired\":true,\"valueName\":\"search_term_string\"}}],\"inLanguage\":\"vi-VN\"},{\"@type\":\"Organization\",\"@id\":\"https:\/\/www.industrialvpnrouterforplcremoteaccess.com\/vi\/#organization\",\"name\":\"Xiamen Alotcer Communication Technology Co.,Ltd\",\"url\":\"https:\/\/www.industrialvpnrouterforplcremoteaccess.com\/vi\/\",\"logo\":{\"@type\":\"ImageObject\",\"inLanguage\":\"vi-VN\",\"@id\":\"https:\/\/www.industrialvpnrouterforplcremoteaccess.com\/vi\/#\/schema\/logo\/image\/\",\"url\":\"https:\/\/www.industrialvpnrouterforplcremoteaccess.com\/wp-content\/uploads\/2022\/07\/logo-Alotcer.webp\",\"contentUrl\":\"https:\/\/www.industrialvpnrouterforplcremoteaccess.com\/wp-content\/uploads\/2022\/07\/logo-Alotcer.webp\",\"width\":174,\"height\":38,\"caption\":\"Xiamen Alotcer Communication Technology Co.,Ltd\"},\"image\":{\"@id\":\"https:\/\/www.industrialvpnrouterforplcremoteaccess.com\/vi\/#\/schema\/logo\/image\/\"},\"sameAs\":[\"https:\/\/www.facebook.com\/Alotcerrouter\",\"https:\/\/x.com\/AnneAnn001\",\"https:\/\/www.linkedin.com\/company\/xiamen-alotcer-communication-technology-co-ltd\/\",\"https:\/\/www.youtube.com\/channel\/UC-ArIR2K9xTKfslNU_3QwNw\"]}]}<\/script>\n<!-- \/ Yoast SEO Premium plugin. -->","yoast_head_json":{"title":"Vi\u1ebft cho ch\u00fang t\u00f4i - Alotcer","robots":{"index":"index","follow":"follow","max-snippet":"max-snippet:-1","max-image-preview":"max-image-preview:large","max-video-preview":"max-video-preview:-1"},"canonical":"https:\/\/www.industrialvpnrouterforplcremoteaccess.com\/vi\/viet-cho-chung-toi\/","og_locale":"vi_VN","og_type":"article","og_title":"Vi\u1ebft cho ch\u00fang t\u00f4i","og_description":"N\u1ebfu b\u1ea1n mu\u1ed1n xu\u1ea5t b\u1ea3n m\u1ed9t b\u00e0i b\u00e1o tr\u00ean Alotcer Blog, b\u1ea1n c\u00f3 th\u1ec3 g\u1eedi email cho ch\u00fang t\u00f4i c\u00f9ng ... Read more","og_url":"https:\/\/www.industrialvpnrouterforplcremoteaccess.com\/vi\/viet-cho-chung-toi\/","og_site_name":"Alotcer","article_publisher":"https:\/\/www.facebook.com\/Alotcerrouter","article_modified_time":"2022-07-29T07:28:28+00:00","twitter_card":"summary_large_image","twitter_site":"@AnneAnn001","twitter_misc":{"Est. reading time":"3 minutes"},"schema":{"@context":"https:\/\/schema.org","@graph":[{"@type":"WebPage","@id":"https:\/\/www.industrialvpnrouterforplcremoteaccess.com\/vi\/viet-cho-chung-toi\/","url":"https:\/\/www.industrialvpnrouterforplcremoteaccess.com\/vi\/viet-cho-chung-toi\/","name":"Vi\u1ebft cho ch\u00fang t\u00f4i - Alotcer","isPartOf":{"@id":"https:\/\/www.industrialvpnrouterforplcremoteaccess.com\/vi\/#website"},"datePublished":"2022-07-28T09:02:55+00:00","dateModified":"2022-07-29T07:28:28+00:00","breadcrumb":{"@id":"https:\/\/www.industrialvpnrouterforplcremoteaccess.com\/vi\/viet-cho-chung-toi\/#breadcrumb"},"inLanguage":"vi-VN","potentialAction":[{"@type":"ReadAction","target":["https:\/\/www.industrialvpnrouterforplcremoteaccess.com\/vi\/viet-cho-chung-toi\/"]}]},{"@type":"BreadcrumbList","@id":"https:\/\/www.industrialvpnrouterforplcremoteaccess.com\/vi\/viet-cho-chung-toi\/#breadcrumb","itemListElement":[{"@type":"ListItem","position":1,"name":"Home","item":"https:\/\/www.industrialvpnrouterforplcremoteaccess.com\/vi\/"},{"@type":"ListItem","position":2,"name":"Vi\u1ebft cho ch\u00fang t\u00f4i"}]},{"@type":"WebSite","@id":"https:\/\/www.industrialvpnrouterforplcremoteaccess.com\/vi\/#website","url":"https:\/\/www.industrialvpnrouterforplcremoteaccess.com\/vi\/","name":"Alotcer","description":"Industrial VPN Router for PLC Remote Access","publisher":{"@id":"https:\/\/www.industrialvpnrouterforplcremoteaccess.com\/vi\/#organization"},"potentialAction":[{"@type":"SearchAction","target":{"@type":"EntryPoint","urlTemplate":"https:\/\/www.industrialvpnrouterforplcremoteaccess.com\/vi\/?s={search_term_string}"},"query-input":{"@type":"PropertyValueSpecification","valueRequired":true,"valueName":"search_term_string"}}],"inLanguage":"vi-VN"},{"@type":"Organization","@id":"https:\/\/www.industrialvpnrouterforplcremoteaccess.com\/vi\/#organization","name":"Xiamen Alotcer Communication Technology Co.,Ltd","url":"https:\/\/www.industrialvpnrouterforplcremoteaccess.com\/vi\/","logo":{"@type":"ImageObject","inLanguage":"vi-VN","@id":"https:\/\/www.industrialvpnrouterforplcremoteaccess.com\/vi\/#\/schema\/logo\/image\/","url":"https:\/\/www.industrialvpnrouterforplcremoteaccess.com\/wp-content\/uploads\/2022\/07\/logo-Alotcer.webp","contentUrl":"https:\/\/www.industrialvpnrouterforplcremoteaccess.com\/wp-content\/uploads\/2022\/07\/logo-Alotcer.webp","width":174,"height":38,"caption":"Xiamen Alotcer Communication Technology Co.,Ltd"},"image":{"@id":"https:\/\/www.industrialvpnrouterforplcremoteaccess.com\/vi\/#\/schema\/logo\/image\/"},"sameAs":["https:\/\/www.facebook.com\/Alotcerrouter","https:\/\/x.com\/AnneAnn001","https:\/\/www.linkedin.com\/company\/xiamen-alotcer-communication-technology-co-ltd\/","https:\/\/www.youtube.com\/channel\/UC-ArIR2K9xTKfslNU_3QwNw"]}]}},"_links":{"self":[{"href":"https:\/\/www.industrialvpnrouterforplcremoteaccess.com\/vi\/wp-json\/wp\/v2\/pages\/1264","targetHints":{"allow":["GET"]}}],"collection":[{"href":"https:\/\/www.industrialvpnrouterforplcremoteaccess.com\/vi\/wp-json\/wp\/v2\/pages"}],"about":[{"href":"https:\/\/www.industrialvpnrouterforplcremoteaccess.com\/vi\/wp-json\/wp\/v2\/types\/page"}],"author":[{"embeddable":true,"href":"https:\/\/www.industrialvpnrouterforplcremoteaccess.com\/vi\/wp-json\/wp\/v2\/users\/1"}],"replies":[{"embeddable":true,"href":"https:\/\/www.industrialvpnrouterforplcremoteaccess.com\/vi\/wp-json\/wp\/v2\/comments?post=1264"}],"version-history":[{"count":0,"href":"https:\/\/www.industrialvpnrouterforplcremoteaccess.com\/vi\/wp-json\/wp\/v2\/pages\/1264\/revisions"}],"wp:attachment":[{"href":"https:\/\/www.industrialvpnrouterforplcremoteaccess.com\/vi\/wp-json\/wp\/v2\/media?parent=1264"}],"curies":[{"name":"wp","href":"https:\/\/api.w.org\/{rel}","templated":true}]}}